{"id":3499,"date":"2025-10-05T23:51:08","date_gmt":"2025-10-06T02:51:08","guid":{"rendered":"https:\/\/ocantinhodepapel.com\/?post_type=product&#038;p=3499"},"modified":"2025-12-01T01:36:44","modified_gmt":"2025-12-01T04:36:44","slug":"kit-identidade","status":"publish","type":"product","link":"https:\/\/ocantinhodepapel.com\/index.php\/produto\/kit-identidade\/","title":{"rendered":"Kit Identidade"},"content":{"rendered":"<p>O Kit Identidade \u00e9 um material l\u00fadico e educativo desenvolvido para trabalhar o tema da identidade pessoal.<\/p>\n<p>O arquivo cont\u00e9m:<\/p>\n<ul>\n<li>1 ficha de Certid\u00e3o de Nascimento para preenchimento;<\/li>\n<li>1 molde de RG;<\/li>\n<li>1 RG ampliado para foto.<\/li>\n<\/ul>\n<p>Trabalhar o tema identidade \u00e9 fundamental para o desenvolvimento da autoconfian\u00e7a, do autoconhecimento e do sentimento de pertencimento das crian\u00e7as. Por meio dessa atividade, elas aprendem sobre quem s\u00e3o, o nome completo, a data de nascimento, a import\u00e2ncia da fam\u00edlia e dos documentos pessoais.<\/p>\n<p>Al\u00e9m disso, o material promove conversas sobre valores, individualidade e respeito \u00e0s diferen\u00e7as, contribuindo para a forma\u00e7\u00e3o da identidade pessoal e social desde os primeiros anos escolares.<\/p>\n","protected":false},"excerpt":{"rendered":"<p>O Kit Identidade \u00e9 um material l\u00fadico e educativo desenvolvido para trabalhar o tema da identidade pessoal. O arquivo cont\u00e9m: 1 ficha de Certid\u00e3o de Nascimento para preenchimento; 1 molde de RG; 1 RG ampliado para foto. Trabalhar o tema identidade \u00e9 fundamental para o desenvolvimento da autoconfian\u00e7a, do autoconhecimento e do sentimento de pertencimento [&hellip;]<\/p>\n","protected":false},"featured_media":3501,"comment_status":"open","ping_status":"closed","template":"","meta":[],"product_brand":[],"product_cat":[15,34,24],"product_tag":[],"class_list":{"0":"post-3499","1":"product","2":"type-product","3":"status-publish","4":"has-post-thumbnail","6":"product_cat-o-cantinho-de-papel","7":"product_cat-que-baratinho","8":"product_cat-recursos-pedagogicos","10":"first","11":"instock","12":"downloadable","13":"shipping-taxable","14":"purchasable","15":"product-type-simple"},"jetpack_sharing_enabled":true,"_links":{"self":[{"href":"https:\/\/ocantinhodepapel.com\/index.php\/wp-json\/wp\/v2\/product\/3499","targetHints":{"allow":["GET"]}}],"collection":[{"href":"https:\/\/ocantinhodepapel.com\/index.php\/wp-json\/wp\/v2\/product"}],"about":[{"href":"https:\/\/ocantinhodepapel.com\/index.php\/wp-json\/wp\/v2\/types\/product"}],"replies":[{"embeddable":true,"href":"https:\/\/ocantinhodepapel.com\/index.php\/wp-json\/wp\/v2\/comments?post=3499"}],"wp:featuredmedia":[{"embeddable":true,"href":"https:\/\/ocantinhodepapel.com\/index.php\/wp-json\/wp\/v2\/media\/3501"}],"wp:attachment":[{"href":"https:\/\/ocantinhodepapel.com\/index.php\/wp-json\/wp\/v2\/media?parent=3499"}],"wp:term":[{"taxonomy":"product_brand","embeddable":true,"href":"https:\/\/ocantinhodepapel.com\/index.php\/wp-json\/wp\/v2\/product_brand?post=3499"},{"taxonomy":"product_cat","embeddable":true,"href":"https:\/\/ocantinhodepapel.com\/index.php\/wp-json\/wp\/v2\/product_cat?post=3499"},{"taxonomy":"product_tag","embeddable":true,"href":"https:\/\/ocantinhodepapel.com\/index.php\/wp-json\/wp\/v2\/product_tag?post=3499"}],"curies":[{"name":"wp","href":"https:\/\/api.w.org\/{rel}","templated":true}]}}