{"id":3468,"date":"2025-10-03T12:43:08","date_gmt":"2025-10-03T15:43:08","guid":{"rendered":"https:\/\/ocantinhodepapel.com\/?post_type=product&#038;p=3468"},"modified":"2025-12-01T01:36:46","modified_gmt":"2025-12-01T04:36:46","slug":"qual-e-a-emocao","status":"publish","type":"product","link":"https:\/\/ocantinhodepapel.com\/index.php\/produto\/qual-e-a-emocao\/","title":{"rendered":"Qual \u00e9 a Emo\u00e7\u00e3o?"},"content":{"rendered":"<p>Arquivo Qual a Emo\u00e7\u00e3o?, ideal para trabalhar o desenvolvimento emocional, social e cognitivo das crian\u00e7as da Educa\u00e7\u00e3o Especial. O material vai em PDF pronto para impress\u00e3o, e inclui 20 fichas. O arquivo das emo\u00e7\u00f5es \u00e9 uma ferramenta essencial na educa\u00e7\u00e3o especial, contribuindo para o desenvolvimento emocional, social, cognitivo e lingu\u00edstico das crian\u00e7as.<\/p>\n<p>\u00c9 recomendado imprimir em papel fotogr\u00e1fico de gramatura 180 e passar papel contact para que se possa escrever e apagar com caneta para quadro branco.<\/p>\n<p>Objetivos da proposta:<\/p>\n<ul>\n<li>Reconhecimento de Emo\u00e7\u00f5e<\/li>\n<li>Express\u00e3o Emocional<\/li>\n<li>Regula\u00e7\u00e3o Emocional<\/li>\n<li>Desenvolvimento Social<\/li>\n<li>Empatia<\/li>\n<li>Intera\u00e7\u00e3o Social<\/li>\n<li>Constru\u00e7\u00e3o de Relacionamentos<\/li>\n<li>Desenvolvimento Cognitivo<\/li>\n<li>Pensamento Cr\u00edtico.<\/li>\n<li>Compreens\u00e3o e Mem\u00f3ria<\/li>\n<li>Resolu\u00e7\u00e3o de Problemas<\/li>\n<\/ul>\n","protected":false},"excerpt":{"rendered":"<p>Arquivo Qual a Emo\u00e7\u00e3o?, ideal para trabalhar o desenvolvimento emocional, social e cognitivo das crian\u00e7as da Educa\u00e7\u00e3o Especial. O material vai em PDF pronto para impress\u00e3o, e inclui 20 fichas. O arquivo das emo\u00e7\u00f5es \u00e9 uma ferramenta essencial na educa\u00e7\u00e3o especial, contribuindo para o desenvolvimento emocional, social, cognitivo e lingu\u00edstico das crian\u00e7as. \u00c9 recomendado imprimir [&hellip;]<\/p>\n","protected":false},"featured_media":3470,"comment_status":"open","ping_status":"closed","template":"","meta":[],"product_brand":[],"product_cat":[24],"product_tag":[],"class_list":{"0":"post-3468","1":"product","2":"type-product","3":"status-publish","4":"has-post-thumbnail","6":"product_cat-recursos-pedagogicos","8":"first","9":"instock","10":"downloadable","11":"shipping-taxable","12":"purchasable","13":"product-type-simple"},"jetpack_sharing_enabled":true,"_links":{"self":[{"href":"https:\/\/ocantinhodepapel.com\/index.php\/wp-json\/wp\/v2\/product\/3468","targetHints":{"allow":["GET"]}}],"collection":[{"href":"https:\/\/ocantinhodepapel.com\/index.php\/wp-json\/wp\/v2\/product"}],"about":[{"href":"https:\/\/ocantinhodepapel.com\/index.php\/wp-json\/wp\/v2\/types\/product"}],"replies":[{"embeddable":true,"href":"https:\/\/ocantinhodepapel.com\/index.php\/wp-json\/wp\/v2\/comments?post=3468"}],"wp:featuredmedia":[{"embeddable":true,"href":"https:\/\/ocantinhodepapel.com\/index.php\/wp-json\/wp\/v2\/media\/3470"}],"wp:attachment":[{"href":"https:\/\/ocantinhodepapel.com\/index.php\/wp-json\/wp\/v2\/media?parent=3468"}],"wp:term":[{"taxonomy":"product_brand","embeddable":true,"href":"https:\/\/ocantinhodepapel.com\/index.php\/wp-json\/wp\/v2\/product_brand?post=3468"},{"taxonomy":"product_cat","embeddable":true,"href":"https:\/\/ocantinhodepapel.com\/index.php\/wp-json\/wp\/v2\/product_cat?post=3468"},{"taxonomy":"product_tag","embeddable":true,"href":"https:\/\/ocantinhodepapel.com\/index.php\/wp-json\/wp\/v2\/product_tag?post=3468"}],"curies":[{"name":"wp","href":"https:\/\/api.w.org\/{rel}","templated":true}]}}