{"id":3452,"date":"2025-10-03T07:01:03","date_gmt":"2025-10-03T10:01:03","guid":{"rendered":"https:\/\/ocantinhodepapel.com\/?post_type=product&#038;p=3452"},"modified":"2026-02-02T17:07:12","modified_gmt":"2026-02-02T20:07:12","slug":"alinhavos-do-alfabeto","status":"publish","type":"product","link":"https:\/\/ocantinhodepapel.com\/index.php\/produto\/alinhavos-do-alfabeto\/","title":{"rendered":"Alinhavos do Alfabeto"},"content":{"rendered":"<p>Arquivo com placas de alinhavos de todas as letras do Alfabeto para trabalhar coordena\u00e7\u00e3o motora fina e alfabeto com crian\u00e7as da Educa\u00e7\u00e3o Infantil. O arquivo vai em PDF pronto para impress\u00e3o e \u00e9 um recurso excelente para essa faixa et\u00e1ria. Para utilizar as placas \u00e9 necess\u00e1rio plastificar o material e fazer os furos com furador comum. \u00c9 importante cortar os cantos em formato arredondado para maior seguran\u00e7a.<\/p>\n<p>Objetivos da proposta:<\/p>\n<ul>\n<li>Desenvolvimento da Coordena\u00e7\u00e3o Motora Fina<\/li>\n<li>Aprimoramento da Destreza Manual<\/li>\n<li>Familiaridade com o Alfabeto<\/li>\n<li>Refor\u00e7o da Consci\u00eancia Fonol\u00f3gica: Enquanto alinham as letras, as crian\u00e7as podem discutir os sons das letras e das palavras que come\u00e7am com cada letra, refor\u00e7ando assim a consci\u00eancia fonol\u00f3gica, que \u00e9 importante para a compreens\u00e3o da leitura e da escrita.<\/li>\n<li>Est\u00edmulo \u00e0 Criatividade<\/li>\n<li>Aprendizado Multissensorial: O alinhavo envolve o uso de diferentes sentidos, como o tato e a vis\u00e3o, o que ajuda no aprendizado multissensorial, permitindo que as crian\u00e7as absorvam informa\u00e7\u00f5es de maneira mais eficaz.<\/li>\n<li>Promo\u00e7\u00e3o da Paci\u00eancia e Persist\u00eancia: O alinhavo do alfabeto pode exigir concentra\u00e7\u00e3o e paci\u00eancia, pois as crian\u00e7as precisam se concentrar em enfiar a agulha atrav\u00e9s dos buracos. Isso pode ajudar a promover a habilidade de perseverar diante de desafios.<\/li>\n<li>Desenvolvimento do Racioc\u00ednio Espacial: Enfiar o barbante atrav\u00e9s dos buracos requer um certo n\u00edvel de racioc\u00ednio espacial, j\u00e1 que as crian\u00e7as precisam entender como a agulha se move em rela\u00e7\u00e3o ao alfabeto.<\/li>\n<\/ul>\n","protected":false},"excerpt":{"rendered":"<p>Arquivo com placas de alinhavos de todas as letras do Alfabeto para trabalhar coordena\u00e7\u00e3o motora fina e alfabeto com crian\u00e7as da Educa\u00e7\u00e3o Infantil. O arquivo vai em PDF pronto para impress\u00e3o e \u00e9 um recurso excelente para essa faixa et\u00e1ria. Para utilizar as placas \u00e9 necess\u00e1rio plastificar o material e fazer os furos com furador [&hellip;]<\/p>\n","protected":false},"featured_media":3455,"comment_status":"open","ping_status":"closed","template":"","meta":[],"product_brand":[],"product_cat":[24],"product_tag":[],"class_list":{"0":"post-3452","1":"product","2":"type-product","3":"status-publish","4":"has-post-thumbnail","6":"product_cat-recursos-pedagogicos","8":"first","9":"instock","10":"downloadable","11":"shipping-taxable","12":"purchasable","13":"product-type-simple"},"jetpack_sharing_enabled":true,"_links":{"self":[{"href":"https:\/\/ocantinhodepapel.com\/index.php\/wp-json\/wp\/v2\/product\/3452","targetHints":{"allow":["GET"]}}],"collection":[{"href":"https:\/\/ocantinhodepapel.com\/index.php\/wp-json\/wp\/v2\/product"}],"about":[{"href":"https:\/\/ocantinhodepapel.com\/index.php\/wp-json\/wp\/v2\/types\/product"}],"replies":[{"embeddable":true,"href":"https:\/\/ocantinhodepapel.com\/index.php\/wp-json\/wp\/v2\/comments?post=3452"}],"wp:featuredmedia":[{"embeddable":true,"href":"https:\/\/ocantinhodepapel.com\/index.php\/wp-json\/wp\/v2\/media\/3455"}],"wp:attachment":[{"href":"https:\/\/ocantinhodepapel.com\/index.php\/wp-json\/wp\/v2\/media?parent=3452"}],"wp:term":[{"taxonomy":"product_brand","embeddable":true,"href":"https:\/\/ocantinhodepapel.com\/index.php\/wp-json\/wp\/v2\/product_brand?post=3452"},{"taxonomy":"product_cat","embeddable":true,"href":"https:\/\/ocantinhodepapel.com\/index.php\/wp-json\/wp\/v2\/product_cat?post=3452"},{"taxonomy":"product_tag","embeddable":true,"href":"https:\/\/ocantinhodepapel.com\/index.php\/wp-json\/wp\/v2\/product_tag?post=3452"}],"curies":[{"name":"wp","href":"https:\/\/api.w.org\/{rel}","templated":true}]}}