{"id":3410,"date":"2025-09-30T09:37:37","date_gmt":"2025-09-30T12:37:37","guid":{"rendered":"https:\/\/ocantinhodepapel.com\/?post_type=product&#038;p=3410"},"modified":"2025-12-01T01:36:49","modified_gmt":"2025-12-01T04:36:49","slug":"kit-dia-das-criancas","status":"publish","type":"product","link":"https:\/\/ocantinhodepapel.com\/index.php\/produto\/kit-dia-das-criancas\/","title":{"rendered":"Kit Dia das Crian\u00e7as"},"content":{"rendered":"<p>Kit Dia das Crian\u00e7as<br \/>\nMaterial lindo e super completo para tornar essa data ainda mais especial.<br \/>\nO kit inclui:<\/p>\n<p>Painel j\u00e1 ampliado<br \/>\nCoroas na op\u00e7\u00e3o colorida e para colorir<br \/>\nSacolinha<br \/>\nCaixinha<br \/>\nLivrinho para colorir<br \/>\nMoldura para foto<br \/>\nJogo da Mem\u00f3ria na op\u00e7\u00e3o colorida e para colorir<\/p>\n<p>O arquivo Vai em PDF pronto para impress\u00e3o.<\/p>\n","protected":false},"excerpt":{"rendered":"<p>Kit Dia das Crian\u00e7as Material lindo e super completo para tornar essa data ainda mais especial. O kit inclui: Painel j\u00e1 ampliado Coroas na op\u00e7\u00e3o colorida e para colorir Sacolinha Caixinha Livrinho para colorir Moldura para foto Jogo da Mem\u00f3ria na op\u00e7\u00e3o colorida e para colorir O arquivo Vai em PDF pronto para impress\u00e3o.<\/p>\n","protected":false},"featured_media":3413,"comment_status":"open","ping_status":"closed","template":"","meta":[],"product_brand":[],"product_cat":[26,24],"product_tag":[],"class_list":{"0":"post-3410","1":"product","2":"type-product","3":"status-publish","4":"has-post-thumbnail","6":"product_cat-datas-comemorativas","7":"product_cat-recursos-pedagogicos","9":"first","10":"instock","11":"downloadable","12":"shipping-taxable","13":"purchasable","14":"product-type-simple"},"jetpack_sharing_enabled":true,"_links":{"self":[{"href":"https:\/\/ocantinhodepapel.com\/index.php\/wp-json\/wp\/v2\/product\/3410","targetHints":{"allow":["GET"]}}],"collection":[{"href":"https:\/\/ocantinhodepapel.com\/index.php\/wp-json\/wp\/v2\/product"}],"about":[{"href":"https:\/\/ocantinhodepapel.com\/index.php\/wp-json\/wp\/v2\/types\/product"}],"replies":[{"embeddable":true,"href":"https:\/\/ocantinhodepapel.com\/index.php\/wp-json\/wp\/v2\/comments?post=3410"}],"wp:featuredmedia":[{"embeddable":true,"href":"https:\/\/ocantinhodepapel.com\/index.php\/wp-json\/wp\/v2\/media\/3413"}],"wp:attachment":[{"href":"https:\/\/ocantinhodepapel.com\/index.php\/wp-json\/wp\/v2\/media?parent=3410"}],"wp:term":[{"taxonomy":"product_brand","embeddable":true,"href":"https:\/\/ocantinhodepapel.com\/index.php\/wp-json\/wp\/v2\/product_brand?post=3410"},{"taxonomy":"product_cat","embeddable":true,"href":"https:\/\/ocantinhodepapel.com\/index.php\/wp-json\/wp\/v2\/product_cat?post=3410"},{"taxonomy":"product_tag","embeddable":true,"href":"https:\/\/ocantinhodepapel.com\/index.php\/wp-json\/wp\/v2\/product_tag?post=3410"}],"curies":[{"name":"wp","href":"https:\/\/api.w.org\/{rel}","templated":true}]}}