{"id":3312,"date":"2025-09-24T07:00:04","date_gmt":"2025-09-24T10:00:04","guid":{"rendered":"https:\/\/ocantinhodepapel.com\/?post_type=product&#038;p=3312"},"modified":"2026-02-02T17:07:12","modified_gmt":"2026-02-02T20:07:12","slug":"encontre-o-intruso-alfabeto","status":"publish","type":"product","link":"https:\/\/ocantinhodepapel.com\/index.php\/produto\/encontre-o-intruso-alfabeto\/","title":{"rendered":"Encontre o Intruso &#8211; Alfabeto"},"content":{"rendered":"<p>O arquivo Encontre o intruso Alfabeto inclui 26 fichas, uma para cada letra do alfabeto.<\/p>\n<p>As fichas incluem a letra, a boquinha representando o som da letra e 6 figuras, sendo que uma dessas figuras n\u00e3o inicia com a letra do alfabeto em destaque, e a crian\u00e7a dever\u00e1 identificar e marcar essa figura corretamente.<\/p>\n<p>Essa proposta trabalha a consci\u00eancia fon\u00eamica de forma atrativa e prazerosa, estimulando habilidades necess\u00e1rias no processo de alfabetiza\u00e7\u00e3o e letramento.<\/p>\n","protected":false},"excerpt":{"rendered":"<p>O arquivo Encontre o intruso Alfabeto inclui 26 fichas, uma para cada letra do alfabeto. As fichas incluem a letra, a boquinha representando o som da letra e 6 figuras, sendo que uma dessas figuras n\u00e3o inicia com a letra do alfabeto em destaque, e a crian\u00e7a dever\u00e1 identificar e marcar essa figura corretamente. Essa [&hellip;]<\/p>\n","protected":false},"featured_media":3314,"comment_status":"open","ping_status":"closed","template":"","meta":[],"product_brand":[],"product_cat":[24],"product_tag":[],"class_list":{"0":"post-3312","1":"product","2":"type-product","3":"status-publish","4":"has-post-thumbnail","6":"product_cat-recursos-pedagogicos","8":"first","9":"instock","10":"downloadable","11":"shipping-taxable","12":"purchasable","13":"product-type-simple"},"jetpack_sharing_enabled":true,"_links":{"self":[{"href":"https:\/\/ocantinhodepapel.com\/index.php\/wp-json\/wp\/v2\/product\/3312","targetHints":{"allow":["GET"]}}],"collection":[{"href":"https:\/\/ocantinhodepapel.com\/index.php\/wp-json\/wp\/v2\/product"}],"about":[{"href":"https:\/\/ocantinhodepapel.com\/index.php\/wp-json\/wp\/v2\/types\/product"}],"replies":[{"embeddable":true,"href":"https:\/\/ocantinhodepapel.com\/index.php\/wp-json\/wp\/v2\/comments?post=3312"}],"wp:featuredmedia":[{"embeddable":true,"href":"https:\/\/ocantinhodepapel.com\/index.php\/wp-json\/wp\/v2\/media\/3314"}],"wp:attachment":[{"href":"https:\/\/ocantinhodepapel.com\/index.php\/wp-json\/wp\/v2\/media?parent=3312"}],"wp:term":[{"taxonomy":"product_brand","embeddable":true,"href":"https:\/\/ocantinhodepapel.com\/index.php\/wp-json\/wp\/v2\/product_brand?post=3312"},{"taxonomy":"product_cat","embeddable":true,"href":"https:\/\/ocantinhodepapel.com\/index.php\/wp-json\/wp\/v2\/product_cat?post=3312"},{"taxonomy":"product_tag","embeddable":true,"href":"https:\/\/ocantinhodepapel.com\/index.php\/wp-json\/wp\/v2\/product_tag?post=3312"}],"curies":[{"name":"wp","href":"https:\/\/api.w.org\/{rel}","templated":true}]}}