{"id":3272,"date":"2025-09-20T07:00:17","date_gmt":"2025-09-20T10:00:17","guid":{"rendered":"https:\/\/ocantinhodepapel.com\/?post_type=product&#038;p=3272"},"modified":"2025-12-01T01:37:52","modified_gmt":"2025-12-01T04:37:52","slug":"contando-os-dedinhos","status":"publish","type":"product","link":"https:\/\/ocantinhodepapel.com\/index.php\/produto\/contando-os-dedinhos\/","title":{"rendered":"Contando os Dedinhos"},"content":{"rendered":"<p>O arquivo inclui 10 fichas para a crian\u00e7a contar a quantidade de dedinhos em marcar o numeral correspondente. Recurso l\u00fadico para trabalhar os numerais de 1 a 10 de forma atrativa e prazerosa, favorecendo a contagem oral e a associa\u00e7\u00e3o n\u00famero\/quantidade. Trabalhar os numerais na educa\u00e7\u00e3o infantil \u00e9 importante pois a crian\u00e7a conhece sobre o uso social do n\u00famero e suas possibilidades, amplia\u00e7\u00e3o de suas habilidades de racioc\u00ednio e sua capacidade de resolver problemas.<\/p>\n","protected":false},"excerpt":{"rendered":"<p>O arquivo inclui 10 fichas para a crian\u00e7a contar a quantidade de dedinhos em marcar o numeral correspondente. Recurso l\u00fadico para trabalhar os numerais de 1 a 10 de forma atrativa e prazerosa, favorecendo a contagem oral e a associa\u00e7\u00e3o n\u00famero\/quantidade. Trabalhar os numerais na educa\u00e7\u00e3o infantil \u00e9 importante pois a crian\u00e7a conhece sobre o [&hellip;]<\/p>\n","protected":false},"featured_media":3276,"comment_status":"open","ping_status":"closed","template":"","meta":[],"product_brand":[],"product_cat":[33,24],"product_tag":[],"class_list":{"0":"post-3272","1":"product","2":"type-product","3":"status-publish","4":"has-post-thumbnail","6":"product_cat-matematica","7":"product_cat-recursos-pedagogicos","9":"first","10":"instock","11":"downloadable","12":"shipping-taxable","13":"purchasable","14":"product-type-simple"},"jetpack_sharing_enabled":true,"_links":{"self":[{"href":"https:\/\/ocantinhodepapel.com\/index.php\/wp-json\/wp\/v2\/product\/3272","targetHints":{"allow":["GET"]}}],"collection":[{"href":"https:\/\/ocantinhodepapel.com\/index.php\/wp-json\/wp\/v2\/product"}],"about":[{"href":"https:\/\/ocantinhodepapel.com\/index.php\/wp-json\/wp\/v2\/types\/product"}],"replies":[{"embeddable":true,"href":"https:\/\/ocantinhodepapel.com\/index.php\/wp-json\/wp\/v2\/comments?post=3272"}],"wp:featuredmedia":[{"embeddable":true,"href":"https:\/\/ocantinhodepapel.com\/index.php\/wp-json\/wp\/v2\/media\/3276"}],"wp:attachment":[{"href":"https:\/\/ocantinhodepapel.com\/index.php\/wp-json\/wp\/v2\/media?parent=3272"}],"wp:term":[{"taxonomy":"product_brand","embeddable":true,"href":"https:\/\/ocantinhodepapel.com\/index.php\/wp-json\/wp\/v2\/product_brand?post=3272"},{"taxonomy":"product_cat","embeddable":true,"href":"https:\/\/ocantinhodepapel.com\/index.php\/wp-json\/wp\/v2\/product_cat?post=3272"},{"taxonomy":"product_tag","embeddable":true,"href":"https:\/\/ocantinhodepapel.com\/index.php\/wp-json\/wp\/v2\/product_tag?post=3272"}],"curies":[{"name":"wp","href":"https:\/\/api.w.org\/{rel}","templated":true}]}}