{"id":3266,"date":"2025-09-19T07:00:28","date_gmt":"2025-09-19T10:00:28","guid":{"rendered":"https:\/\/ocantinhodepapel.com\/?post_type=product&#038;p=3266"},"modified":"2025-12-01T01:37:53","modified_gmt":"2025-12-01T04:37:53","slug":"interpretacao-de-frases","status":"publish","type":"product","link":"https:\/\/ocantinhodepapel.com\/index.php\/produto\/interpretacao-de-frases\/","title":{"rendered":"Interpreta\u00e7\u00e3o de Frases"},"content":{"rendered":"<p>O arquivo <strong>Interpreta\u00e7\u00e3o de frases<\/strong> inclui 20 frases para leitura e interpreta\u00e7\u00e3o, e uma caixinha para guardar o material. A interpreta\u00e7\u00e3o textual \u00e9 uma ferramenta imprescind\u00edvel para qualquer tipo de leitura, e atrav\u00e9s desse material \u00e9 poss\u00edvel iniciar esse processo de forma atrativa e prazerosa, com crian\u00e7as em fase de alfabetiza\u00e7\u00e3o. S\u00e3o frases curtas, ideais para crian\u00e7as que ainda est\u00e3o em processo de flu\u00eancia leitora. Leitura e interpreta\u00e7\u00e3o de frases estimula o racioc\u00ednio, aumenta a imagina\u00e7\u00e3o, melhora o vocabul\u00e1rio, amplia criatividade, estimula a capacidade de concentra\u00e7\u00e3o e desenvolve a escrita.<\/p>\n","protected":false},"excerpt":{"rendered":"<p>O arquivo Interpreta\u00e7\u00e3o de frases inclui 20 frases para leitura e interpreta\u00e7\u00e3o, e uma caixinha para guardar o material. A interpreta\u00e7\u00e3o textual \u00e9 uma ferramenta imprescind\u00edvel para qualquer tipo de leitura, e atrav\u00e9s desse material \u00e9 poss\u00edvel iniciar esse processo de forma atrativa e prazerosa, com crian\u00e7as em fase de alfabetiza\u00e7\u00e3o. S\u00e3o frases curtas, ideais [&hellip;]<\/p>\n","protected":false},"featured_media":3268,"comment_status":"open","ping_status":"closed","template":"","meta":[],"product_brand":[],"product_cat":[24],"product_tag":[],"class_list":{"0":"post-3266","1":"product","2":"type-product","3":"status-publish","4":"has-post-thumbnail","6":"product_cat-recursos-pedagogicos","8":"first","9":"instock","10":"downloadable","11":"shipping-taxable","12":"purchasable","13":"product-type-simple"},"jetpack_sharing_enabled":true,"_links":{"self":[{"href":"https:\/\/ocantinhodepapel.com\/index.php\/wp-json\/wp\/v2\/product\/3266","targetHints":{"allow":["GET"]}}],"collection":[{"href":"https:\/\/ocantinhodepapel.com\/index.php\/wp-json\/wp\/v2\/product"}],"about":[{"href":"https:\/\/ocantinhodepapel.com\/index.php\/wp-json\/wp\/v2\/types\/product"}],"replies":[{"embeddable":true,"href":"https:\/\/ocantinhodepapel.com\/index.php\/wp-json\/wp\/v2\/comments?post=3266"}],"wp:featuredmedia":[{"embeddable":true,"href":"https:\/\/ocantinhodepapel.com\/index.php\/wp-json\/wp\/v2\/media\/3268"}],"wp:attachment":[{"href":"https:\/\/ocantinhodepapel.com\/index.php\/wp-json\/wp\/v2\/media?parent=3266"}],"wp:term":[{"taxonomy":"product_brand","embeddable":true,"href":"https:\/\/ocantinhodepapel.com\/index.php\/wp-json\/wp\/v2\/product_brand?post=3266"},{"taxonomy":"product_cat","embeddable":true,"href":"https:\/\/ocantinhodepapel.com\/index.php\/wp-json\/wp\/v2\/product_cat?post=3266"},{"taxonomy":"product_tag","embeddable":true,"href":"https:\/\/ocantinhodepapel.com\/index.php\/wp-json\/wp\/v2\/product_tag?post=3266"}],"curies":[{"name":"wp","href":"https:\/\/api.w.org\/{rel}","templated":true}]}}