{"id":3191,"date":"2025-09-11T21:11:57","date_gmt":"2025-09-12T00:11:57","guid":{"rendered":"https:\/\/ocantinhodepapel.com\/?post_type=product&#038;p=3191"},"modified":"2025-12-01T01:37:57","modified_gmt":"2025-12-01T04:37:57","slug":"palavras-escondidas-versao-magica","status":"publish","type":"product","link":"https:\/\/ocantinhodepapel.com\/index.php\/produto\/palavras-escondidas-versao-magica\/","title":{"rendered":"Palavras Escondidas \u2013 VERS\u00c3O M\u00c1GICA"},"content":{"rendered":"<p>PALAVRAS ESCONDIDAS \u2013 VERS\u00c3O M\u00c1GICA<\/p>\n<p>Voc\u00ea j\u00e1 experimentou trabalhar com Palavras Escondidas? Agora elas chegam em uma vers\u00e3o ainda mais divertida e interativa!<\/p>\n<p>Cada ficha traz uma palavra-chave com outra palavra camuflada dentro dela. Com a ajuda da lupa m\u00e1gica (um celofane vermelho), a crian\u00e7a vai descobrir o mist\u00e9rio: a parte escrita em vermelho desaparece e s\u00f3 fica a parte preta, revelando a palavra escondida!<\/p>\n<p>Exemplos:<br \/>\nGIRASSOL \u2192\u00a0 SOL<br \/>\nROUP\u00c3O \u2192\u00a0 P\u00c3O<\/p>\n<p>O kit cont\u00e9m:<\/p>\n<ul>\n<li>6 fichas<\/li>\n<li>Cada ficha com 5 palavras para descobrir<\/li>\n<li>Lupa m\u00e1gica<\/li>\n<\/ul>\n<p>Habilidades trabalhadas:<\/p>\n<ul>\n<li>Leitura e percep\u00e7\u00e3o visual<\/li>\n<li>Consci\u00eancia fonol\u00f3gica<\/li>\n<li>Associa\u00e7\u00e3o imagem-palavra<\/li>\n<li>Coordena\u00e7\u00e3o motora fina<\/li>\n<\/ul>\n<p>Ideal para alfabetiza\u00e7\u00e3o, inclus\u00e3o e refor\u00e7o escolar. Uma proposta m\u00e1gica, l\u00fadica e eficiente para aprender brincando.<\/p>\n","protected":false},"excerpt":{"rendered":"<p>PALAVRAS ESCONDIDAS \u2013 VERS\u00c3O M\u00c1GICA Voc\u00ea j\u00e1 experimentou trabalhar com Palavras Escondidas? Agora elas chegam em uma vers\u00e3o ainda mais divertida e interativa! Cada ficha traz uma palavra-chave com outra palavra camuflada dentro dela. Com a ajuda da lupa m\u00e1gica (um celofane vermelho), a crian\u00e7a vai descobrir o mist\u00e9rio: a parte escrita em vermelho desaparece [&hellip;]<\/p>\n","protected":false},"featured_media":3193,"comment_status":"open","ping_status":"closed","template":"","meta":[],"product_brand":[],"product_cat":[34,24],"product_tag":[],"class_list":{"0":"post-3191","1":"product","2":"type-product","3":"status-publish","4":"has-post-thumbnail","6":"product_cat-que-baratinho","7":"product_cat-recursos-pedagogicos","9":"first","10":"instock","11":"downloadable","12":"shipping-taxable","13":"purchasable","14":"product-type-simple"},"jetpack_sharing_enabled":true,"_links":{"self":[{"href":"https:\/\/ocantinhodepapel.com\/index.php\/wp-json\/wp\/v2\/product\/3191","targetHints":{"allow":["GET"]}}],"collection":[{"href":"https:\/\/ocantinhodepapel.com\/index.php\/wp-json\/wp\/v2\/product"}],"about":[{"href":"https:\/\/ocantinhodepapel.com\/index.php\/wp-json\/wp\/v2\/types\/product"}],"replies":[{"embeddable":true,"href":"https:\/\/ocantinhodepapel.com\/index.php\/wp-json\/wp\/v2\/comments?post=3191"}],"wp:featuredmedia":[{"embeddable":true,"href":"https:\/\/ocantinhodepapel.com\/index.php\/wp-json\/wp\/v2\/media\/3193"}],"wp:attachment":[{"href":"https:\/\/ocantinhodepapel.com\/index.php\/wp-json\/wp\/v2\/media?parent=3191"}],"wp:term":[{"taxonomy":"product_brand","embeddable":true,"href":"https:\/\/ocantinhodepapel.com\/index.php\/wp-json\/wp\/v2\/product_brand?post=3191"},{"taxonomy":"product_cat","embeddable":true,"href":"https:\/\/ocantinhodepapel.com\/index.php\/wp-json\/wp\/v2\/product_cat?post=3191"},{"taxonomy":"product_tag","embeddable":true,"href":"https:\/\/ocantinhodepapel.com\/index.php\/wp-json\/wp\/v2\/product_tag?post=3191"}],"curies":[{"name":"wp","href":"https:\/\/api.w.org\/{rel}","templated":true}]}}