{"id":3185,"date":"2025-09-12T07:00:18","date_gmt":"2025-09-12T10:00:18","guid":{"rendered":"https:\/\/ocantinhodepapel.com\/?post_type=product&#038;p=3185"},"modified":"2026-02-02T17:08:19","modified_gmt":"2026-02-02T20:08:19","slug":"alfabeto-nas-4-formas","status":"publish","type":"product","link":"https:\/\/ocantinhodepapel.com\/index.php\/produto\/alfabeto-nas-4-formas\/","title":{"rendered":"Alfabeto nas 4 Formas"},"content":{"rendered":"<p>O arquivo Alfabeto nas 4 Formas inclui um quebra-cabe\u00e7a de cada letra do Alfabeto, com as 4 formas das letras para a crian\u00e7a fazer o pareamento de forma correta. O arquivo tamb\u00e9m acompanha uma caixinha para guardar o material. Voc\u00ea pode utilizar o recurso em grupos, criando desafios em equipes e estimulando tamb\u00e9m habilidades socioemocionais.<\/p>\n<p>Recurso educativo muito \u00fatil para crian\u00e7as em fase de alfabetiza\u00e7\u00e3o. Isso porque o material ajuda na identifica\u00e7\u00e3o das diferentes formas de cada letra, o que pode facilitar a compreens\u00e3o do processo de leitura e escrita. Al\u00e9m disso, o quebra-cabe\u00e7a tamb\u00e9m pode auxiliar no desenvolvimento da coordena\u00e7\u00e3o motora fina, j\u00e1 que as crian\u00e7as precisam encaixar as pe\u00e7as no lugar correto. Essa atividade pode ser bastante desafiadora e divertida ao mesmo tempo, o que pode motivar as crian\u00e7as a continuarem praticando.<\/p>\n<p>A ilustra\u00e7\u00e3o de uma figura iniciada com cada letra do alfabeto tamb\u00e9m pode ser um grande incentivo para as crian\u00e7as, j\u00e1 que elas conseguem associar cada letra a uma imagem e assimilar melhor o conte\u00fado. Dessa forma, o aprendizado se torna mais l\u00fadico e interessante, o que pode tornar o processo de alfabetiza\u00e7\u00e3o mais eficaz e prazeroso para os pequenos.<\/p>\n","protected":false},"excerpt":{"rendered":"<p>O arquivo Alfabeto nas 4 Formas inclui um quebra-cabe\u00e7a de cada letra do Alfabeto, com as 4 formas das letras para a crian\u00e7a fazer o pareamento de forma correta. O arquivo tamb\u00e9m acompanha uma caixinha para guardar o material. Voc\u00ea pode utilizar o recurso em grupos, criando desafios em equipes e estimulando tamb\u00e9m habilidades socioemocionais. [&hellip;]<\/p>\n","protected":false},"featured_media":3187,"comment_status":"open","ping_status":"closed","template":"","meta":[],"product_brand":[],"product_cat":[24],"product_tag":[],"class_list":{"0":"post-3185","1":"product","2":"type-product","3":"status-publish","4":"has-post-thumbnail","6":"product_cat-recursos-pedagogicos","8":"first","9":"instock","10":"downloadable","11":"shipping-taxable","12":"purchasable","13":"product-type-simple"},"jetpack_sharing_enabled":true,"_links":{"self":[{"href":"https:\/\/ocantinhodepapel.com\/index.php\/wp-json\/wp\/v2\/product\/3185","targetHints":{"allow":["GET"]}}],"collection":[{"href":"https:\/\/ocantinhodepapel.com\/index.php\/wp-json\/wp\/v2\/product"}],"about":[{"href":"https:\/\/ocantinhodepapel.com\/index.php\/wp-json\/wp\/v2\/types\/product"}],"replies":[{"embeddable":true,"href":"https:\/\/ocantinhodepapel.com\/index.php\/wp-json\/wp\/v2\/comments?post=3185"}],"wp:featuredmedia":[{"embeddable":true,"href":"https:\/\/ocantinhodepapel.com\/index.php\/wp-json\/wp\/v2\/media\/3187"}],"wp:attachment":[{"href":"https:\/\/ocantinhodepapel.com\/index.php\/wp-json\/wp\/v2\/media?parent=3185"}],"wp:term":[{"taxonomy":"product_brand","embeddable":true,"href":"https:\/\/ocantinhodepapel.com\/index.php\/wp-json\/wp\/v2\/product_brand?post=3185"},{"taxonomy":"product_cat","embeddable":true,"href":"https:\/\/ocantinhodepapel.com\/index.php\/wp-json\/wp\/v2\/product_cat?post=3185"},{"taxonomy":"product_tag","embeddable":true,"href":"https:\/\/ocantinhodepapel.com\/index.php\/wp-json\/wp\/v2\/product_tag?post=3185"}],"curies":[{"name":"wp","href":"https:\/\/api.w.org\/{rel}","templated":true}]}}