{"id":3072,"date":"2025-09-02T07:00:11","date_gmt":"2025-09-02T10:00:11","guid":{"rendered":"https:\/\/ocantinhodepapel.com\/?post_type=product&#038;p=3072"},"modified":"2025-12-01T01:38:34","modified_gmt":"2025-12-01T04:38:34","slug":"painel-primavera","status":"publish","type":"product","link":"https:\/\/ocantinhodepapel.com\/index.php\/produto\/painel-primavera\/","title":{"rendered":"Painel Primavera"},"content":{"rendered":"<p>Painel Tema Primavera para turmas da Educa\u00e7\u00e3o Infantil e das s\u00e9ries iniciais do Ensino Fundamental.<\/p>\n<p>Acompanha flores para as crian\u00e7as colorirem, e tamb\u00e9m vai na op\u00e7\u00f5es edit\u00e1vel para adicionar as fotos das crian\u00e7as.<\/p>\n<p>O arquivo vai em PDF pronto para impress\u00e3o.<\/p>\n<p><strong>Recomendamos utilizar papel de gramatura 120 ou 180.<\/strong><\/p>\n<p><strong>Medidas aproximadas do painel ampliado: 1,9m x 1,5 m.<\/strong><\/p>\n","protected":false},"excerpt":{"rendered":"<p>Painel Tema Primavera para turmas da Educa\u00e7\u00e3o Infantil e das s\u00e9ries iniciais do Ensino Fundamental. Acompanha flores para as crian\u00e7as colorirem, e tamb\u00e9m vai na op\u00e7\u00f5es edit\u00e1vel para adicionar as fotos das crian\u00e7as. O arquivo vai em PDF pronto para impress\u00e3o. Recomendamos utilizar papel de gramatura 120 ou 180. Medidas aproximadas do painel ampliado: 1,9m [&hellip;]<\/p>\n","protected":false},"featured_media":3074,"comment_status":"open","ping_status":"closed","template":"","meta":[],"product_brand":[],"product_cat":[26],"product_tag":[],"class_list":{"0":"post-3072","1":"product","2":"type-product","3":"status-publish","4":"has-post-thumbnail","6":"product_cat-datas-comemorativas","8":"first","9":"instock","10":"downloadable","11":"shipping-taxable","12":"purchasable","13":"product-type-simple"},"jetpack_sharing_enabled":true,"_links":{"self":[{"href":"https:\/\/ocantinhodepapel.com\/index.php\/wp-json\/wp\/v2\/product\/3072","targetHints":{"allow":["GET"]}}],"collection":[{"href":"https:\/\/ocantinhodepapel.com\/index.php\/wp-json\/wp\/v2\/product"}],"about":[{"href":"https:\/\/ocantinhodepapel.com\/index.php\/wp-json\/wp\/v2\/types\/product"}],"replies":[{"embeddable":true,"href":"https:\/\/ocantinhodepapel.com\/index.php\/wp-json\/wp\/v2\/comments?post=3072"}],"wp:featuredmedia":[{"embeddable":true,"href":"https:\/\/ocantinhodepapel.com\/index.php\/wp-json\/wp\/v2\/media\/3074"}],"wp:attachment":[{"href":"https:\/\/ocantinhodepapel.com\/index.php\/wp-json\/wp\/v2\/media?parent=3072"}],"wp:term":[{"taxonomy":"product_brand","embeddable":true,"href":"https:\/\/ocantinhodepapel.com\/index.php\/wp-json\/wp\/v2\/product_brand?post=3072"},{"taxonomy":"product_cat","embeddable":true,"href":"https:\/\/ocantinhodepapel.com\/index.php\/wp-json\/wp\/v2\/product_cat?post=3072"},{"taxonomy":"product_tag","embeddable":true,"href":"https:\/\/ocantinhodepapel.com\/index.php\/wp-json\/wp\/v2\/product_tag?post=3072"}],"curies":[{"name":"wp","href":"https:\/\/api.w.org\/{rel}","templated":true}]}}