{"id":2857,"date":"2025-08-12T11:01:46","date_gmt":"2025-08-12T14:01:46","guid":{"rendered":"https:\/\/ocantinhodepapel.com\/?post_type=product&#038;p=2857"},"modified":"2025-12-01T01:38:41","modified_gmt":"2025-12-01T04:38:41","slug":"parlendas-folcloricas","status":"publish","type":"product","link":"https:\/\/ocantinhodepapel.com\/index.php\/produto\/parlendas-folcloricas\/","title":{"rendered":"Parlendas Folcl\u00f3ricas"},"content":{"rendered":"<p>O arquivo Parlendas Folcl\u00f3ricas inclui 34 parlendas folcl\u00f3ricas e uma caixinha para guardar o material. Entre os benef\u00edcios que o uso de parlendas oferece para a educa\u00e7\u00e3o infantil e anos iniciais do ensino fundamental, \u00e9 poss\u00edvel destacar:<\/p>\n<p>Desenvolvimento da fala<br \/>\nTreino de leitura<br \/>\nMem\u00f3ria<br \/>\nRimas<br \/>\nAprimoramento da linguagem corporal<br \/>\nAmplia\u00e7\u00e3o das formas de express\u00e3o<\/p>\n","protected":false},"excerpt":{"rendered":"<p>O arquivo Parlendas Folcl\u00f3ricas inclui 34 parlendas folcl\u00f3ricas e uma caixinha para guardar o material. Entre os benef\u00edcios que o uso de parlendas oferece para a educa\u00e7\u00e3o infantil e anos iniciais do ensino fundamental, \u00e9 poss\u00edvel destacar: Desenvolvimento da fala Treino de leitura Mem\u00f3ria Rimas Aprimoramento da linguagem corporal Amplia\u00e7\u00e3o das formas de express\u00e3o<\/p>\n","protected":false},"featured_media":2859,"comment_status":"open","ping_status":"closed","template":"","meta":[],"product_brand":[],"product_cat":[15],"product_tag":[],"class_list":{"0":"post-2857","1":"product","2":"type-product","3":"status-publish","4":"has-post-thumbnail","6":"product_cat-o-cantinho-de-papel","8":"first","9":"instock","10":"downloadable","11":"shipping-taxable","12":"purchasable","13":"product-type-simple"},"jetpack_sharing_enabled":true,"_links":{"self":[{"href":"https:\/\/ocantinhodepapel.com\/index.php\/wp-json\/wp\/v2\/product\/2857","targetHints":{"allow":["GET"]}}],"collection":[{"href":"https:\/\/ocantinhodepapel.com\/index.php\/wp-json\/wp\/v2\/product"}],"about":[{"href":"https:\/\/ocantinhodepapel.com\/index.php\/wp-json\/wp\/v2\/types\/product"}],"replies":[{"embeddable":true,"href":"https:\/\/ocantinhodepapel.com\/index.php\/wp-json\/wp\/v2\/comments?post=2857"}],"wp:featuredmedia":[{"embeddable":true,"href":"https:\/\/ocantinhodepapel.com\/index.php\/wp-json\/wp\/v2\/media\/2859"}],"wp:attachment":[{"href":"https:\/\/ocantinhodepapel.com\/index.php\/wp-json\/wp\/v2\/media?parent=2857"}],"wp:term":[{"taxonomy":"product_brand","embeddable":true,"href":"https:\/\/ocantinhodepapel.com\/index.php\/wp-json\/wp\/v2\/product_brand?post=2857"},{"taxonomy":"product_cat","embeddable":true,"href":"https:\/\/ocantinhodepapel.com\/index.php\/wp-json\/wp\/v2\/product_cat?post=2857"},{"taxonomy":"product_tag","embeddable":true,"href":"https:\/\/ocantinhodepapel.com\/index.php\/wp-json\/wp\/v2\/product_tag?post=2857"}],"curies":[{"name":"wp","href":"https:\/\/api.w.org\/{rel}","templated":true}]}}