{"id":2650,"date":"2025-07-18T16:44:32","date_gmt":"2025-07-18T19:44:32","guid":{"rendered":"https:\/\/ocantinhodepapel.com\/?post_type=product&#038;p=2650"},"modified":"2025-12-01T01:39:34","modified_gmt":"2025-12-01T04:39:34","slug":"painel-folclore-brasileiro","status":"publish","type":"product","link":"https:\/\/ocantinhodepapel.com\/index.php\/produto\/painel-folclore-brasileiro\/","title":{"rendered":"Painel Folclore Brasileiro"},"content":{"rendered":"<p><strong>Painel informativo tema Folclore Brasileiro.<\/strong> O arquivo j\u00e1 vai ampliado e pronto para impress\u00e3o em formato PDF. Arquivo lindo com imagens em alta qualidade e com pequenos textos com informa\u00e7\u00f5es sobre o Folclore Brasileiro.<\/p>\n<p>Temas abordados no painel:<\/p>\n<ul>\n<li>O que \u00e9 Folclore<\/li>\n<li>Dan\u00e7as e m\u00fasicas<\/li>\n<li>A origem<\/li>\n<li>As lendas<\/li>\n<li>Brincadeiras e jogos<\/li>\n<li>A import\u00e2ncia<\/li>\n<li>Dia do Folclore<\/li>\n<li>Folclore na Escola<\/li>\n<\/ul>\n<p>Medidas do painel montado: 1,9m de largura x 90cm de altura.<\/p>\n","protected":false},"excerpt":{"rendered":"<p>Painel informativo tema Folclore Brasileiro. O arquivo j\u00e1 vai ampliado e pronto para impress\u00e3o em formato PDF. Arquivo lindo com imagens em alta qualidade e com pequenos textos com informa\u00e7\u00f5es sobre o Folclore Brasileiro. Temas abordados no painel: O que \u00e9 Folclore Dan\u00e7as e m\u00fasicas A origem As lendas Brincadeiras e jogos A import\u00e2ncia Dia [&hellip;]<\/p>\n","protected":false},"featured_media":2652,"comment_status":"open","ping_status":"closed","template":"","meta":[],"product_brand":[],"product_cat":[26],"product_tag":[],"class_list":{"0":"post-2650","1":"product","2":"type-product","3":"status-publish","4":"has-post-thumbnail","6":"product_cat-datas-comemorativas","8":"first","9":"instock","10":"downloadable","11":"shipping-taxable","12":"purchasable","13":"product-type-simple"},"jetpack_sharing_enabled":true,"_links":{"self":[{"href":"https:\/\/ocantinhodepapel.com\/index.php\/wp-json\/wp\/v2\/product\/2650","targetHints":{"allow":["GET"]}}],"collection":[{"href":"https:\/\/ocantinhodepapel.com\/index.php\/wp-json\/wp\/v2\/product"}],"about":[{"href":"https:\/\/ocantinhodepapel.com\/index.php\/wp-json\/wp\/v2\/types\/product"}],"replies":[{"embeddable":true,"href":"https:\/\/ocantinhodepapel.com\/index.php\/wp-json\/wp\/v2\/comments?post=2650"}],"wp:featuredmedia":[{"embeddable":true,"href":"https:\/\/ocantinhodepapel.com\/index.php\/wp-json\/wp\/v2\/media\/2652"}],"wp:attachment":[{"href":"https:\/\/ocantinhodepapel.com\/index.php\/wp-json\/wp\/v2\/media?parent=2650"}],"wp:term":[{"taxonomy":"product_brand","embeddable":true,"href":"https:\/\/ocantinhodepapel.com\/index.php\/wp-json\/wp\/v2\/product_brand?post=2650"},{"taxonomy":"product_cat","embeddable":true,"href":"https:\/\/ocantinhodepapel.com\/index.php\/wp-json\/wp\/v2\/product_cat?post=2650"},{"taxonomy":"product_tag","embeddable":true,"href":"https:\/\/ocantinhodepapel.com\/index.php\/wp-json\/wp\/v2\/product_tag?post=2650"}],"curies":[{"name":"wp","href":"https:\/\/api.w.org\/{rel}","templated":true}]}}