{"id":2631,"date":"2025-07-16T16:22:10","date_gmt":"2025-07-16T19:22:10","guid":{"rendered":"https:\/\/ocantinhodepapel.com\/?post_type=product&#038;p=2631"},"modified":"2025-12-01T01:39:36","modified_gmt":"2025-12-01T04:39:36","slug":"submarino-das-formas","status":"publish","type":"product","link":"https:\/\/ocantinhodepapel.com\/index.php\/produto\/submarino-das-formas\/","title":{"rendered":"Submarino das Formas"},"content":{"rendered":"<p><strong>Submarino das Formas<\/strong><br \/>\nUm recurso divertido e educativo para trabalhar o pareamento de cores e formas com as crian\u00e7as!<br \/>\nAtividade l\u00fadica que estimula a percep\u00e7\u00e3o visual, a aten\u00e7\u00e3o e o racioc\u00ednio l\u00f3gico de forma leve e criativa.<br \/>\nPerfeito para usar em sala de aula ou em casa!<\/p>\n<p>J\u00e1 dispon\u00edvel para imprimir e usar!<\/p>\n","protected":false},"excerpt":{"rendered":"<p>Submarino das Formas Um recurso divertido e educativo para trabalhar o pareamento de cores e formas com as crian\u00e7as! Atividade l\u00fadica que estimula a percep\u00e7\u00e3o visual, a aten\u00e7\u00e3o e o racioc\u00ednio l\u00f3gico de forma leve e criativa. Perfeito para usar em sala de aula ou em casa! J\u00e1 dispon\u00edvel para imprimir e usar!<\/p>\n","protected":false},"featured_media":2633,"comment_status":"open","ping_status":"closed","template":"","meta":[],"product_brand":[],"product_cat":[34,24],"product_tag":[],"class_list":{"0":"post-2631","1":"product","2":"type-product","3":"status-publish","4":"has-post-thumbnail","6":"product_cat-que-baratinho","7":"product_cat-recursos-pedagogicos","9":"first","10":"instock","11":"downloadable","12":"shipping-taxable","13":"purchasable","14":"product-type-simple"},"jetpack_sharing_enabled":true,"_links":{"self":[{"href":"https:\/\/ocantinhodepapel.com\/index.php\/wp-json\/wp\/v2\/product\/2631","targetHints":{"allow":["GET"]}}],"collection":[{"href":"https:\/\/ocantinhodepapel.com\/index.php\/wp-json\/wp\/v2\/product"}],"about":[{"href":"https:\/\/ocantinhodepapel.com\/index.php\/wp-json\/wp\/v2\/types\/product"}],"replies":[{"embeddable":true,"href":"https:\/\/ocantinhodepapel.com\/index.php\/wp-json\/wp\/v2\/comments?post=2631"}],"wp:featuredmedia":[{"embeddable":true,"href":"https:\/\/ocantinhodepapel.com\/index.php\/wp-json\/wp\/v2\/media\/2633"}],"wp:attachment":[{"href":"https:\/\/ocantinhodepapel.com\/index.php\/wp-json\/wp\/v2\/media?parent=2631"}],"wp:term":[{"taxonomy":"product_brand","embeddable":true,"href":"https:\/\/ocantinhodepapel.com\/index.php\/wp-json\/wp\/v2\/product_brand?post=2631"},{"taxonomy":"product_cat","embeddable":true,"href":"https:\/\/ocantinhodepapel.com\/index.php\/wp-json\/wp\/v2\/product_cat?post=2631"},{"taxonomy":"product_tag","embeddable":true,"href":"https:\/\/ocantinhodepapel.com\/index.php\/wp-json\/wp\/v2\/product_tag?post=2631"}],"curies":[{"name":"wp","href":"https:\/\/api.w.org\/{rel}","templated":true}]}}