{"id":2581,"date":"2025-07-14T22:50:23","date_gmt":"2025-07-15T01:50:23","guid":{"rendered":"https:\/\/ocantinhodepapel.com\/?post_type=product&#038;p=2581"},"modified":"2025-12-01T01:39:39","modified_gmt":"2025-12-01T04:39:39","slug":"kit-dia-do-estudante","status":"publish","type":"product","link":"https:\/\/ocantinhodepapel.com\/index.php\/produto\/kit-dia-do-estudante\/","title":{"rendered":"Kit Dia do Estudante"},"content":{"rendered":"<p><strong>Kit Dia do Estudante<\/strong> para trabalhar o tema com crian\u00e7as da Educa\u00e7\u00e3o Infantil.<\/p>\n<p>O arquivo vai em PDF pronto para impress\u00e3o, e inclui os seguintes itens:<\/p>\n<ul>\n<li>Painel j\u00e1 ampliado<\/li>\n<li>Ponteiras para l\u00e1pis e porta-l\u00e1pis na op\u00e7\u00e3o colorida e para colorir<\/li>\n<li>Coroas na op\u00e7\u00e3o colorida e para colorir<\/li>\n<li>Sacolinhas para lembrancinhas<\/li>\n<li>Jogo da mem\u00f3ria com envelope, na op\u00e7\u00e3o colorida e para colorir<\/li>\n<li>Moldura para foto j\u00e1 ampliada<\/li>\n<li>5 p\u00e1ginas de atividades para colorir<\/li>\n<\/ul>\n","protected":false},"excerpt":{"rendered":"<p>Kit Dia do Estudante para trabalhar o tema com crian\u00e7as da Educa\u00e7\u00e3o Infantil. O arquivo vai em PDF pronto para impress\u00e3o, e inclui os seguintes itens: Painel j\u00e1 ampliado Ponteiras para l\u00e1pis e porta-l\u00e1pis na op\u00e7\u00e3o colorida e para colorir Coroas na op\u00e7\u00e3o colorida e para colorir Sacolinhas para lembrancinhas Jogo da mem\u00f3ria com envelope, [&hellip;]<\/p>\n","protected":false},"featured_media":2584,"comment_status":"open","ping_status":"closed","template":"","meta":[],"product_brand":[],"product_cat":[26],"product_tag":[],"class_list":{"0":"post-2581","1":"product","2":"type-product","3":"status-publish","4":"has-post-thumbnail","6":"product_cat-datas-comemorativas","8":"first","9":"instock","10":"downloadable","11":"shipping-taxable","12":"purchasable","13":"product-type-simple"},"jetpack_sharing_enabled":true,"_links":{"self":[{"href":"https:\/\/ocantinhodepapel.com\/index.php\/wp-json\/wp\/v2\/product\/2581","targetHints":{"allow":["GET"]}}],"collection":[{"href":"https:\/\/ocantinhodepapel.com\/index.php\/wp-json\/wp\/v2\/product"}],"about":[{"href":"https:\/\/ocantinhodepapel.com\/index.php\/wp-json\/wp\/v2\/types\/product"}],"replies":[{"embeddable":true,"href":"https:\/\/ocantinhodepapel.com\/index.php\/wp-json\/wp\/v2\/comments?post=2581"}],"wp:featuredmedia":[{"embeddable":true,"href":"https:\/\/ocantinhodepapel.com\/index.php\/wp-json\/wp\/v2\/media\/2584"}],"wp:attachment":[{"href":"https:\/\/ocantinhodepapel.com\/index.php\/wp-json\/wp\/v2\/media?parent=2581"}],"wp:term":[{"taxonomy":"product_brand","embeddable":true,"href":"https:\/\/ocantinhodepapel.com\/index.php\/wp-json\/wp\/v2\/product_brand?post=2581"},{"taxonomy":"product_cat","embeddable":true,"href":"https:\/\/ocantinhodepapel.com\/index.php\/wp-json\/wp\/v2\/product_cat?post=2581"},{"taxonomy":"product_tag","embeddable":true,"href":"https:\/\/ocantinhodepapel.com\/index.php\/wp-json\/wp\/v2\/product_tag?post=2581"}],"curies":[{"name":"wp","href":"https:\/\/api.w.org\/{rel}","templated":true}]}}