{"id":2545,"date":"2025-07-13T22:37:21","date_gmt":"2025-07-14T01:37:21","guid":{"rendered":"https:\/\/ocantinhodepapel.com\/?post_type=product&#038;p=2545"},"modified":"2025-12-01T01:39:42","modified_gmt":"2025-12-01T04:39:42","slug":"cartoes-dia-dos-pais","status":"publish","type":"product","link":"https:\/\/ocantinhodepapel.com\/index.php\/produto\/cartoes-dia-dos-pais\/","title":{"rendered":"Cart\u00f5es Dia dos Pais"},"content":{"rendered":"<p>O arquivo Cart\u00f5es Dia dos Pais inclui os seguintes cart\u00f5es para colorir:<\/p>\n<ul>\n<li>Cart\u00e3o gravata menino e menina desenho<\/li>\n<li>Cart\u00e3o gravata linhas<\/li>\n<li>Cart\u00e3o gravata em branco<\/li>\n<li>Cart\u00e3o camisa menino e menina linhas<\/li>\n<li>Cart\u00e3o camisa menino e menina desenho<\/li>\n<li>Cart\u00e3o camisa em branco<\/li>\n<\/ul>\n<p>Recomenda-se papel de gramatura superior a 120g para a impress\u00e3o.<\/p>\n","protected":false},"excerpt":{"rendered":"<p>O arquivo Cart\u00f5es Dia dos Pais inclui os seguintes cart\u00f5es para colorir: Cart\u00e3o gravata menino e menina desenho Cart\u00e3o gravata linhas Cart\u00e3o gravata em branco Cart\u00e3o camisa menino e menina linhas Cart\u00e3o camisa menino e menina desenho Cart\u00e3o camisa em branco Recomenda-se papel de gramatura superior a 120g para a impress\u00e3o.<\/p>\n","protected":false},"featured_media":2553,"comment_status":"open","ping_status":"closed","template":"","meta":[],"product_brand":[],"product_cat":[26],"product_tag":[],"class_list":{"0":"post-2545","1":"product","2":"type-product","3":"status-publish","4":"has-post-thumbnail","6":"product_cat-datas-comemorativas","8":"first","9":"instock","10":"downloadable","11":"shipping-taxable","12":"purchasable","13":"product-type-simple"},"jetpack_sharing_enabled":true,"_links":{"self":[{"href":"https:\/\/ocantinhodepapel.com\/index.php\/wp-json\/wp\/v2\/product\/2545","targetHints":{"allow":["GET"]}}],"collection":[{"href":"https:\/\/ocantinhodepapel.com\/index.php\/wp-json\/wp\/v2\/product"}],"about":[{"href":"https:\/\/ocantinhodepapel.com\/index.php\/wp-json\/wp\/v2\/types\/product"}],"replies":[{"embeddable":true,"href":"https:\/\/ocantinhodepapel.com\/index.php\/wp-json\/wp\/v2\/comments?post=2545"}],"wp:featuredmedia":[{"embeddable":true,"href":"https:\/\/ocantinhodepapel.com\/index.php\/wp-json\/wp\/v2\/media\/2553"}],"wp:attachment":[{"href":"https:\/\/ocantinhodepapel.com\/index.php\/wp-json\/wp\/v2\/media?parent=2545"}],"wp:term":[{"taxonomy":"product_brand","embeddable":true,"href":"https:\/\/ocantinhodepapel.com\/index.php\/wp-json\/wp\/v2\/product_brand?post=2545"},{"taxonomy":"product_cat","embeddable":true,"href":"https:\/\/ocantinhodepapel.com\/index.php\/wp-json\/wp\/v2\/product_cat?post=2545"},{"taxonomy":"product_tag","embeddable":true,"href":"https:\/\/ocantinhodepapel.com\/index.php\/wp-json\/wp\/v2\/product_tag?post=2545"}],"curies":[{"name":"wp","href":"https:\/\/api.w.org\/{rel}","templated":true}]}}