{"id":2292,"date":"2025-06-22T16:38:41","date_gmt":"2025-06-22T19:38:41","guid":{"rendered":"https:\/\/ocantinhodepapel.com\/?post_type=product&#038;p=2292"},"modified":"2025-12-01T01:40:59","modified_gmt":"2025-12-01T04:40:59","slug":"kit-estou-de-ferias","status":"publish","type":"product","link":"https:\/\/ocantinhodepapel.com\/index.php\/produto\/kit-estou-de-ferias\/","title":{"rendered":"Kit Estou de f\u00e9rias"},"content":{"rendered":"<p>Kit Minhas F\u00e9rias com v\u00e1rios materiais para tornar o momento do recesso<br \/>\ndivertido e l\u00fadico!<\/p>\n<p>O arquivo vai em PDFprontopara impress\u00e3o, e inclui os seguintes itens:<\/p>\n<ul>\n<li>Sacolinha Minhas Mem\u00f3rias das F\u00e9rias na op\u00e7\u00e3o menino e menina<\/li>\n<li>Coroa \u00f3culos na op\u00e7\u00e3o colorida e para colorir<\/li>\n<li>Viseira #partiuf\u00e9rias na op\u00e7\u00e3o colorida e para colorir<\/li>\n<li>Reloginho #partiuf\u00e9rias<\/li>\n<li>Plaquinhas com frases de boas f\u00e9rias<\/li>\n<li>Moldura foto #partiuf\u00e9rias<\/li>\n<\/ul>\n","protected":false},"excerpt":{"rendered":"<p>Kit Minhas F\u00e9rias com v\u00e1rios materiais para tornar o momento do recesso divertido e l\u00fadico! O arquivo vai em PDFprontopara impress\u00e3o, e inclui os seguintes itens: Sacolinha Minhas Mem\u00f3rias das F\u00e9rias na op\u00e7\u00e3o menino e menina Coroa \u00f3culos na op\u00e7\u00e3o colorida e para colorir Viseira #partiuf\u00e9rias na op\u00e7\u00e3o colorida e para colorir Reloginho #partiuf\u00e9rias Plaquinhas [&hellip;]<\/p>\n","protected":false},"featured_media":2295,"comment_status":"open","ping_status":"closed","template":"","meta":[],"product_brand":[],"product_cat":[24],"product_tag":[],"class_list":{"0":"post-2292","1":"product","2":"type-product","3":"status-publish","4":"has-post-thumbnail","6":"product_cat-recursos-pedagogicos","8":"first","9":"instock","10":"downloadable","11":"shipping-taxable","12":"purchasable","13":"product-type-simple"},"jetpack_sharing_enabled":true,"_links":{"self":[{"href":"https:\/\/ocantinhodepapel.com\/index.php\/wp-json\/wp\/v2\/product\/2292","targetHints":{"allow":["GET"]}}],"collection":[{"href":"https:\/\/ocantinhodepapel.com\/index.php\/wp-json\/wp\/v2\/product"}],"about":[{"href":"https:\/\/ocantinhodepapel.com\/index.php\/wp-json\/wp\/v2\/types\/product"}],"replies":[{"embeddable":true,"href":"https:\/\/ocantinhodepapel.com\/index.php\/wp-json\/wp\/v2\/comments?post=2292"}],"wp:featuredmedia":[{"embeddable":true,"href":"https:\/\/ocantinhodepapel.com\/index.php\/wp-json\/wp\/v2\/media\/2295"}],"wp:attachment":[{"href":"https:\/\/ocantinhodepapel.com\/index.php\/wp-json\/wp\/v2\/media?parent=2292"}],"wp:term":[{"taxonomy":"product_brand","embeddable":true,"href":"https:\/\/ocantinhodepapel.com\/index.php\/wp-json\/wp\/v2\/product_brand?post=2292"},{"taxonomy":"product_cat","embeddable":true,"href":"https:\/\/ocantinhodepapel.com\/index.php\/wp-json\/wp\/v2\/product_cat?post=2292"},{"taxonomy":"product_tag","embeddable":true,"href":"https:\/\/ocantinhodepapel.com\/index.php\/wp-json\/wp\/v2\/product_tag?post=2292"}],"curies":[{"name":"wp","href":"https:\/\/api.w.org\/{rel}","templated":true}]}}