{"id":2013,"date":"2025-06-02T07:43:42","date_gmt":"2025-06-02T10:43:42","guid":{"rendered":"https:\/\/ocantinhodepapel.com\/?post_type=product&#038;p=2013"},"modified":"2026-01-07T10:02:49","modified_gmt":"2026-01-07T13:02:49","slug":"calendario-de-parede","status":"publish","type":"product","link":"https:\/\/ocantinhodepapel.com\/index.php\/produto\/calendario-de-parede\/","title":{"rendered":"Calend\u00e1rio de Parede"},"content":{"rendered":"<p>O arquivo Calend\u00e1rio j\u00e1 vai ampliado,para impress\u00e3o em 9 folhas A4, tamb\u00e9m inclui o arquivo na op\u00e7\u00e3o 1 ou 2 calend\u00e1rios por p\u00e1gina, para utilizar como recurso ou colar no caderno, em que cada crian\u00e7a preenche seu calend\u00e1rio mensal.<br \/>\nO arquivo acompanha pe\u00e7as m\u00f3veis para preencher o calend\u00e1rio, e tamb\u00e9m existe a possibilidade de passar o papel contact no cartaz e preencher manualmente com caneta para quadro branco.<br \/>\nTrabalhar o calend\u00e1rio na rotina da sala de aula pode trazer diversos benef\u00edcios, como reconhecer e relacionar per\u00edodos do dia,dias da semana e meses do ano. Produzir a escrita de uma data,<br \/>\napresentando odia, o m\u00eas e o ano, e indicar odiada semana de uma data, consultando o calend\u00e1rio.<\/p>\n","protected":false},"excerpt":{"rendered":"<p>O arquivo Calend\u00e1rio j\u00e1 vai ampliado,para impress\u00e3o em 9 folhas A4, tamb\u00e9m inclui o arquivo na op\u00e7\u00e3o 1 ou 2 calend\u00e1rios por p\u00e1gina, para utilizar como recurso ou colar no caderno, em que cada crian\u00e7a preenche seu calend\u00e1rio mensal. O arquivo acompanha pe\u00e7as m\u00f3veis para preencher o calend\u00e1rio, e tamb\u00e9m existe a possibilidade de passar [&hellip;]<\/p>\n","protected":false},"featured_media":4617,"comment_status":"open","ping_status":"closed","template":"","meta":[],"product_brand":[],"product_cat":[26,24],"product_tag":[],"class_list":{"0":"post-2013","1":"product","2":"type-product","3":"status-publish","4":"has-post-thumbnail","6":"product_cat-datas-comemorativas","7":"product_cat-recursos-pedagogicos","9":"first","10":"instock","11":"downloadable","12":"shipping-taxable","13":"purchasable","14":"product-type-simple"},"jetpack_sharing_enabled":true,"_links":{"self":[{"href":"https:\/\/ocantinhodepapel.com\/index.php\/wp-json\/wp\/v2\/product\/2013","targetHints":{"allow":["GET"]}}],"collection":[{"href":"https:\/\/ocantinhodepapel.com\/index.php\/wp-json\/wp\/v2\/product"}],"about":[{"href":"https:\/\/ocantinhodepapel.com\/index.php\/wp-json\/wp\/v2\/types\/product"}],"replies":[{"embeddable":true,"href":"https:\/\/ocantinhodepapel.com\/index.php\/wp-json\/wp\/v2\/comments?post=2013"}],"wp:featuredmedia":[{"embeddable":true,"href":"https:\/\/ocantinhodepapel.com\/index.php\/wp-json\/wp\/v2\/media\/4617"}],"wp:attachment":[{"href":"https:\/\/ocantinhodepapel.com\/index.php\/wp-json\/wp\/v2\/media?parent=2013"}],"wp:term":[{"taxonomy":"product_brand","embeddable":true,"href":"https:\/\/ocantinhodepapel.com\/index.php\/wp-json\/wp\/v2\/product_brand?post=2013"},{"taxonomy":"product_cat","embeddable":true,"href":"https:\/\/ocantinhodepapel.com\/index.php\/wp-json\/wp\/v2\/product_cat?post=2013"},{"taxonomy":"product_tag","embeddable":true,"href":"https:\/\/ocantinhodepapel.com\/index.php\/wp-json\/wp\/v2\/product_tag?post=2013"}],"curies":[{"name":"wp","href":"https:\/\/api.w.org\/{rel}","templated":true}]}}