{"id":1879,"date":"2025-05-25T11:19:18","date_gmt":"2025-05-25T14:19:18","guid":{"rendered":"https:\/\/ocantinhodepapel.com\/?post_type=product&#038;p=1879"},"modified":"2025-12-01T01:42:16","modified_gmt":"2025-12-01T04:42:16","slug":"correio-elegante-festa-junina","status":"publish","type":"product","link":"https:\/\/ocantinhodepapel.com\/index.php\/produto\/correio-elegante-festa-junina\/","title":{"rendered":"Correio Elegante &#8211; Festa Junina"},"content":{"rendered":"<p>Arquivo Correio Elegante com caixinha e fichas para utilizar no momento da brincadeira. E o arquivo acompanha o arquivo Personagens Dan\u00e7antes para colorir na op\u00e7\u00e3o menino e menina.<\/p>\n<p>Arquivo lindo que vai com v\u00eddeo tutorial de montagem. As cartas podem ser utilizadas para as crian\u00e7as desenharem ou escreverem um recado para os colegas.<\/p>\n<p>O material vai em PDF pronto para impress\u00e3o.<\/p>\n","protected":false},"excerpt":{"rendered":"<p>Arquivo Correio Elegante com caixinha e fichas para utilizar no momento da brincadeira. E o arquivo acompanha o arquivo Personagens Dan\u00e7antes para colorir na op\u00e7\u00e3o menino e menina. Arquivo lindo que vai com v\u00eddeo tutorial de montagem. As cartas podem ser utilizadas para as crian\u00e7as desenharem ou escreverem um recado para os colegas. O material [&hellip;]<\/p>\n","protected":false},"featured_media":1882,"comment_status":"open","ping_status":"closed","template":"","meta":[],"product_brand":[],"product_cat":[26,24],"product_tag":[],"class_list":{"0":"post-1879","1":"product","2":"type-product","3":"status-publish","4":"has-post-thumbnail","6":"product_cat-datas-comemorativas","7":"product_cat-recursos-pedagogicos","9":"first","10":"instock","11":"downloadable","12":"shipping-taxable","13":"purchasable","14":"product-type-simple"},"jetpack_sharing_enabled":true,"_links":{"self":[{"href":"https:\/\/ocantinhodepapel.com\/index.php\/wp-json\/wp\/v2\/product\/1879","targetHints":{"allow":["GET"]}}],"collection":[{"href":"https:\/\/ocantinhodepapel.com\/index.php\/wp-json\/wp\/v2\/product"}],"about":[{"href":"https:\/\/ocantinhodepapel.com\/index.php\/wp-json\/wp\/v2\/types\/product"}],"replies":[{"embeddable":true,"href":"https:\/\/ocantinhodepapel.com\/index.php\/wp-json\/wp\/v2\/comments?post=1879"}],"wp:featuredmedia":[{"embeddable":true,"href":"https:\/\/ocantinhodepapel.com\/index.php\/wp-json\/wp\/v2\/media\/1882"}],"wp:attachment":[{"href":"https:\/\/ocantinhodepapel.com\/index.php\/wp-json\/wp\/v2\/media?parent=1879"}],"wp:term":[{"taxonomy":"product_brand","embeddable":true,"href":"https:\/\/ocantinhodepapel.com\/index.php\/wp-json\/wp\/v2\/product_brand?post=1879"},{"taxonomy":"product_cat","embeddable":true,"href":"https:\/\/ocantinhodepapel.com\/index.php\/wp-json\/wp\/v2\/product_cat?post=1879"},{"taxonomy":"product_tag","embeddable":true,"href":"https:\/\/ocantinhodepapel.com\/index.php\/wp-json\/wp\/v2\/product_tag?post=1879"}],"curies":[{"name":"wp","href":"https:\/\/api.w.org\/{rel}","templated":true}]}}