{"id":1823,"date":"2025-05-20T02:02:36","date_gmt":"2025-05-20T05:02:36","guid":{"rendered":"https:\/\/ocantinhodepapel.com\/?post_type=product&#038;p=1823"},"modified":"2025-12-01T01:42:18","modified_gmt":"2025-12-01T04:42:18","slug":"atividades-festa-junina","status":"publish","type":"product","link":"https:\/\/ocantinhodepapel.com\/index.php\/produto\/atividades-festa-junina\/","title":{"rendered":"Atividades Festa Junina"},"content":{"rendered":"<p>Apostila de atividades para trabalhar o tema Festa Junina com as crian\u00e7as da Educa\u00e7\u00e3o Infantil e das s\u00e9ries iniciais do Ensino Fundamental. O arquivo vai em PDF pronto para impress\u00e3o. No total s\u00e3o 15 p\u00e1ginas de atividades para colorir e 15 p\u00e1ginas de atividades coloridas.<\/p>\n<p>Conte\u00fados trabalhados:<\/p>\n<ul>\n<li>Cantiga<\/li>\n<li>Desenho<\/li>\n<li>Recorte e colagem<\/li>\n<li>Completar com as letras que faltam<\/li>\n<li>Adivinhas juninas<\/li>\n<li>Ligar palavras<\/li>\n<li>Escrita de palavras<\/li>\n<li>Situa\u00e7\u00f5es problema<\/li>\n<li>Numerais at\u00e9 20<\/li>\n<li>Contagem<\/li>\n<li>Soma<\/li>\n<\/ul>\n","protected":false},"excerpt":{"rendered":"<p>Apostila de atividades para trabalhar o tema Festa Junina com as crian\u00e7as da Educa\u00e7\u00e3o Infantil e das s\u00e9ries iniciais do Ensino Fundamental. O arquivo vai em PDF pronto para impress\u00e3o. No total s\u00e3o 15 p\u00e1ginas de atividades para colorir e 15 p\u00e1ginas de atividades coloridas. Conte\u00fados trabalhados: Cantiga Desenho Recorte e colagem Completar com as [&hellip;]<\/p>\n","protected":false},"featured_media":1826,"comment_status":"open","ping_status":"closed","template":"","meta":[],"product_brand":[],"product_cat":[26],"product_tag":[],"class_list":{"0":"post-1823","1":"product","2":"type-product","3":"status-publish","4":"has-post-thumbnail","6":"product_cat-datas-comemorativas","8":"first","9":"instock","10":"downloadable","11":"shipping-taxable","12":"purchasable","13":"product-type-simple"},"jetpack_sharing_enabled":true,"_links":{"self":[{"href":"https:\/\/ocantinhodepapel.com\/index.php\/wp-json\/wp\/v2\/product\/1823","targetHints":{"allow":["GET"]}}],"collection":[{"href":"https:\/\/ocantinhodepapel.com\/index.php\/wp-json\/wp\/v2\/product"}],"about":[{"href":"https:\/\/ocantinhodepapel.com\/index.php\/wp-json\/wp\/v2\/types\/product"}],"replies":[{"embeddable":true,"href":"https:\/\/ocantinhodepapel.com\/index.php\/wp-json\/wp\/v2\/comments?post=1823"}],"wp:featuredmedia":[{"embeddable":true,"href":"https:\/\/ocantinhodepapel.com\/index.php\/wp-json\/wp\/v2\/media\/1826"}],"wp:attachment":[{"href":"https:\/\/ocantinhodepapel.com\/index.php\/wp-json\/wp\/v2\/media?parent=1823"}],"wp:term":[{"taxonomy":"product_brand","embeddable":true,"href":"https:\/\/ocantinhodepapel.com\/index.php\/wp-json\/wp\/v2\/product_brand?post=1823"},{"taxonomy":"product_cat","embeddable":true,"href":"https:\/\/ocantinhodepapel.com\/index.php\/wp-json\/wp\/v2\/product_cat?post=1823"},{"taxonomy":"product_tag","embeddable":true,"href":"https:\/\/ocantinhodepapel.com\/index.php\/wp-json\/wp\/v2\/product_tag?post=1823"}],"curies":[{"name":"wp","href":"https:\/\/api.w.org\/{rel}","templated":true}]}}