{"id":1805,"date":"2025-05-19T14:54:26","date_gmt":"2025-05-19T17:54:26","guid":{"rendered":"https:\/\/ocantinhodepapel.com\/?post_type=product&#038;p=1805"},"modified":"2025-12-01T01:42:19","modified_gmt":"2025-12-01T04:42:19","slug":"kit-festa-junina","status":"publish","type":"product","link":"https:\/\/ocantinhodepapel.com\/index.php\/produto\/kit-festa-junina\/","title":{"rendered":"Kit Festa Junina"},"content":{"rendered":"<p>Kit Festa Junina para trabalhar o tema com as crian\u00e7as da Educa\u00e7\u00e3o Infantil. O arquivo vai em PDF pronto para impress\u00e3o e acompanha v\u00eddeo tutorial da montagem dos materiais.<\/p>\n<p>Itens inclusos:<\/p>\n<ul>\n<li>2 modelos de moldura para foto<\/li>\n<li>Moldura colorida<\/li>\n<li>Moldura para colorir<\/li>\n<li>Caixinha para decora\u00e7\u00e3o e lembrancinha<\/li>\n<li>Sacolinha para decora\u00e7\u00e3o e lembrancinha<\/li>\n<li>Convite 3D<\/li>\n<li>Quebra-cabe\u00e7a Junino<\/li>\n<\/ul>\n","protected":false},"excerpt":{"rendered":"<p>Kit Festa Junina para trabalhar o tema com as crian\u00e7as da Educa\u00e7\u00e3o Infantil. O arquivo vai em PDF pronto para impress\u00e3o e acompanha v\u00eddeo tutorial da montagem dos materiais. Itens inclusos: 2 modelos de moldura para foto Moldura colorida Moldura para colorir Caixinha para decora\u00e7\u00e3o e lembrancinha Sacolinha para decora\u00e7\u00e3o e lembrancinha Convite 3D Quebra-cabe\u00e7a [&hellip;]<\/p>\n","protected":false},"featured_media":1808,"comment_status":"open","ping_status":"closed","template":"","meta":[],"product_brand":[],"product_cat":[26],"product_tag":[],"class_list":{"0":"post-1805","1":"product","2":"type-product","3":"status-publish","4":"has-post-thumbnail","6":"product_cat-datas-comemorativas","8":"first","9":"instock","10":"downloadable","11":"shipping-taxable","12":"purchasable","13":"product-type-simple"},"jetpack_sharing_enabled":true,"_links":{"self":[{"href":"https:\/\/ocantinhodepapel.com\/index.php\/wp-json\/wp\/v2\/product\/1805","targetHints":{"allow":["GET"]}}],"collection":[{"href":"https:\/\/ocantinhodepapel.com\/index.php\/wp-json\/wp\/v2\/product"}],"about":[{"href":"https:\/\/ocantinhodepapel.com\/index.php\/wp-json\/wp\/v2\/types\/product"}],"replies":[{"embeddable":true,"href":"https:\/\/ocantinhodepapel.com\/index.php\/wp-json\/wp\/v2\/comments?post=1805"}],"wp:featuredmedia":[{"embeddable":true,"href":"https:\/\/ocantinhodepapel.com\/index.php\/wp-json\/wp\/v2\/media\/1808"}],"wp:attachment":[{"href":"https:\/\/ocantinhodepapel.com\/index.php\/wp-json\/wp\/v2\/media?parent=1805"}],"wp:term":[{"taxonomy":"product_brand","embeddable":true,"href":"https:\/\/ocantinhodepapel.com\/index.php\/wp-json\/wp\/v2\/product_brand?post=1805"},{"taxonomy":"product_cat","embeddable":true,"href":"https:\/\/ocantinhodepapel.com\/index.php\/wp-json\/wp\/v2\/product_cat?post=1805"},{"taxonomy":"product_tag","embeddable":true,"href":"https:\/\/ocantinhodepapel.com\/index.php\/wp-json\/wp\/v2\/product_tag?post=1805"}],"curies":[{"name":"wp","href":"https:\/\/api.w.org\/{rel}","templated":true}]}}