{"id":1764,"date":"2025-05-18T12:59:36","date_gmt":"2025-05-18T15:59:36","guid":{"rendered":"https:\/\/ocantinhodepapel.com\/?post_type=product&#038;p=1764"},"modified":"2025-12-01T01:42:22","modified_gmt":"2025-12-01T04:42:22","slug":"painel-meio-ambiente","status":"publish","type":"product","link":"https:\/\/ocantinhodepapel.com\/index.php\/produto\/painel-meio-ambiente\/","title":{"rendered":"Painel Meio Ambiente"},"content":{"rendered":"<p>Painel para trabalhar o tema Dia Mundial do Meio Ambiente com crian\u00e7as da Educa\u00e7\u00e3o Infantil e das s\u00e9ries iniciais do Ensino Fundamental.<\/p>\n<p>O arquivo j\u00e1 vai ampliado e em PDF pronto para impress\u00e3o. O arquivo tamb\u00e9m acompanha v\u00eddeo tutorial de montagem.<\/p>\n<p>Para impress\u00e3o \u00e9 recomendado utilizar papel de gramatura 180 e cola de silicone l\u00edquida.<\/p>\n<p>Medidas do painel montado: 1,3m de largura por 90cm de altura.<\/p>\n","protected":false},"excerpt":{"rendered":"<p>Painel para trabalhar o tema Dia Mundial do Meio Ambiente com crian\u00e7as da Educa\u00e7\u00e3o Infantil e das s\u00e9ries iniciais do Ensino Fundamental. O arquivo j\u00e1 vai ampliado e em PDF pronto para impress\u00e3o. O arquivo tamb\u00e9m acompanha v\u00eddeo tutorial de montagem. Para impress\u00e3o \u00e9 recomendado utilizar papel de gramatura 180 e cola de silicone l\u00edquida. [&hellip;]<\/p>\n","protected":false},"featured_media":1766,"comment_status":"open","ping_status":"closed","template":"","meta":[],"product_brand":[],"product_cat":[26],"product_tag":[],"class_list":{"0":"post-1764","1":"product","2":"type-product","3":"status-publish","4":"has-post-thumbnail","6":"product_cat-datas-comemorativas","8":"first","9":"instock","10":"downloadable","11":"shipping-taxable","12":"purchasable","13":"product-type-simple"},"jetpack_sharing_enabled":true,"_links":{"self":[{"href":"https:\/\/ocantinhodepapel.com\/index.php\/wp-json\/wp\/v2\/product\/1764","targetHints":{"allow":["GET"]}}],"collection":[{"href":"https:\/\/ocantinhodepapel.com\/index.php\/wp-json\/wp\/v2\/product"}],"about":[{"href":"https:\/\/ocantinhodepapel.com\/index.php\/wp-json\/wp\/v2\/types\/product"}],"replies":[{"embeddable":true,"href":"https:\/\/ocantinhodepapel.com\/index.php\/wp-json\/wp\/v2\/comments?post=1764"}],"wp:featuredmedia":[{"embeddable":true,"href":"https:\/\/ocantinhodepapel.com\/index.php\/wp-json\/wp\/v2\/media\/1766"}],"wp:attachment":[{"href":"https:\/\/ocantinhodepapel.com\/index.php\/wp-json\/wp\/v2\/media?parent=1764"}],"wp:term":[{"taxonomy":"product_brand","embeddable":true,"href":"https:\/\/ocantinhodepapel.com\/index.php\/wp-json\/wp\/v2\/product_brand?post=1764"},{"taxonomy":"product_cat","embeddable":true,"href":"https:\/\/ocantinhodepapel.com\/index.php\/wp-json\/wp\/v2\/product_cat?post=1764"},{"taxonomy":"product_tag","embeddable":true,"href":"https:\/\/ocantinhodepapel.com\/index.php\/wp-json\/wp\/v2\/product_tag?post=1764"}],"curies":[{"name":"wp","href":"https:\/\/api.w.org\/{rel}","templated":true}]}}