{"id":1733,"date":"2025-05-16T15:48:50","date_gmt":"2025-05-16T18:48:50","guid":{"rendered":"https:\/\/ocantinhodepapel.com\/?post_type=product&#038;p=1733"},"modified":"2025-12-01T01:43:01","modified_gmt":"2025-12-01T04:43:01","slug":"cartaz-coleta-seletiva","status":"publish","type":"product","link":"https:\/\/ocantinhodepapel.com\/index.php\/produto\/cartaz-coleta-seletiva\/","title":{"rendered":"Cartaz Coleta Seletiva"},"content":{"rendered":"<p><strong>Cartaz Coleta Seletiva<\/strong> para trabalhar o tema Meio Ambiente com as crian\u00e7as da Educa\u00e7\u00e3o Infantil e das s\u00e9ries iniciais do Ensino Fundamental. Arquivo lindo que j\u00e1 vai ampliado e pronto para impress\u00e3o. Nessa proposta a crian\u00e7a dever\u00e1 fazer a divis\u00e3o dos elementos corretamente, seguindo as indica\u00e7\u00f5es de divis\u00e3o dos materiais.<\/p>\n<p>Objetivos da proposta:<\/p>\n<ul>\n<li>Educa\u00e7\u00e3o Ambiental<\/li>\n<li>Consci\u00eancia Ecol\u00f3gica<\/li>\n<li>Responsabilidade Social<\/li>\n<li>Desenvolvimento de Habilidades Pr\u00e1ticas<\/li>\n<li>Consci\u00eancia de Consumo<\/li>\n<li>Desenvolvimento Cognitivo<\/li>\n<li>Sensibiliza\u00e7\u00e3o para a Realidade Ambiental<\/li>\n<li>Engajamento Familiar<\/li>\n<li>Valoriza\u00e7\u00e3o do Meio Ambiente<\/li>\n<li>Desenvolvimento Moral e \u00c9tico<\/li>\n<\/ul>\n","protected":false},"excerpt":{"rendered":"<p>Cartaz Coleta Seletiva para trabalhar o tema Meio Ambiente com as crian\u00e7as da Educa\u00e7\u00e3o Infantil e das s\u00e9ries iniciais do Ensino Fundamental. Arquivo lindo que j\u00e1 vai ampliado e pronto para impress\u00e3o. Nessa proposta a crian\u00e7a dever\u00e1 fazer a divis\u00e3o dos elementos corretamente, seguindo as indica\u00e7\u00f5es de divis\u00e3o dos materiais. Objetivos da proposta: Educa\u00e7\u00e3o Ambiental [&hellip;]<\/p>\n","protected":false},"featured_media":1735,"comment_status":"open","ping_status":"closed","template":"","meta":[],"product_brand":[],"product_cat":[26],"product_tag":[],"class_list":{"0":"post-1733","1":"product","2":"type-product","3":"status-publish","4":"has-post-thumbnail","6":"product_cat-datas-comemorativas","8":"first","9":"instock","10":"downloadable","11":"shipping-taxable","12":"purchasable","13":"product-type-simple"},"jetpack_sharing_enabled":true,"_links":{"self":[{"href":"https:\/\/ocantinhodepapel.com\/index.php\/wp-json\/wp\/v2\/product\/1733","targetHints":{"allow":["GET"]}}],"collection":[{"href":"https:\/\/ocantinhodepapel.com\/index.php\/wp-json\/wp\/v2\/product"}],"about":[{"href":"https:\/\/ocantinhodepapel.com\/index.php\/wp-json\/wp\/v2\/types\/product"}],"replies":[{"embeddable":true,"href":"https:\/\/ocantinhodepapel.com\/index.php\/wp-json\/wp\/v2\/comments?post=1733"}],"wp:featuredmedia":[{"embeddable":true,"href":"https:\/\/ocantinhodepapel.com\/index.php\/wp-json\/wp\/v2\/media\/1735"}],"wp:attachment":[{"href":"https:\/\/ocantinhodepapel.com\/index.php\/wp-json\/wp\/v2\/media?parent=1733"}],"wp:term":[{"taxonomy":"product_brand","embeddable":true,"href":"https:\/\/ocantinhodepapel.com\/index.php\/wp-json\/wp\/v2\/product_brand?post=1733"},{"taxonomy":"product_cat","embeddable":true,"href":"https:\/\/ocantinhodepapel.com\/index.php\/wp-json\/wp\/v2\/product_cat?post=1733"},{"taxonomy":"product_tag","embeddable":true,"href":"https:\/\/ocantinhodepapel.com\/index.php\/wp-json\/wp\/v2\/product_tag?post=1733"}],"curies":[{"name":"wp","href":"https:\/\/api.w.org\/{rel}","templated":true}]}}