{"id":1594,"date":"2025-05-04T18:03:34","date_gmt":"2025-05-04T21:03:34","guid":{"rendered":"https:\/\/ocantinhodepapel.com\/?post_type=product&#038;p=1594"},"modified":"2025-12-01T01:43:08","modified_gmt":"2025-12-01T04:43:08","slug":"onibus-dos-artigos","status":"publish","type":"product","link":"https:\/\/ocantinhodepapel.com\/index.php\/produto\/onibus-dos-artigos\/","title":{"rendered":"\u00d4nibus dos Artigos"},"content":{"rendered":"<p><strong>\u00d4nibus dos Artigos<\/strong><\/p>\n<p>Esta atividade l\u00fadica e educativa tem como objetivo trabalhar o reconhecimento e a classifica\u00e7\u00e3o dos artigos definidos e indefinidos (o, a, os, as, um, uma, uns, umas) com os alunos.<\/p>\n<p>Dois \u00f4nibus escolares com os artigos O, A, OS, AS, UM, UNS, UMA, UMAS. A proposta \u00e9 que a crian\u00e7a observe cada imagem e associe-a ao artigo correspondente, colocando-a na janela correta do \u00f4nibus dos artigos.<\/p>\n<p>Objetivos:<\/p>\n<ul>\n<li>Desenvolver a consci\u00eancia gramatical sobre o uso de artigos definidos e indefinidos.<\/li>\n<li>Ampliar o vocabul\u00e1rio.<\/li>\n<li>Trabalhar a associa\u00e7\u00e3o entre palavra e imagem de forma divertida.<\/li>\n<\/ul>\n","protected":false},"excerpt":{"rendered":"<p>\u00d4nibus dos Artigos Esta atividade l\u00fadica e educativa tem como objetivo trabalhar o reconhecimento e a classifica\u00e7\u00e3o dos artigos definidos e indefinidos (o, a, os, as, um, uma, uns, umas) com os alunos. Dois \u00f4nibus escolares com os artigos O, A, OS, AS, UM, UNS, UMA, UMAS. A proposta \u00e9 que a crian\u00e7a observe cada [&hellip;]<\/p>\n","protected":false},"featured_media":1615,"comment_status":"open","ping_status":"closed","template":"","meta":[],"product_brand":[],"product_cat":[34],"product_tag":[],"class_list":{"0":"post-1594","1":"product","2":"type-product","3":"status-publish","4":"has-post-thumbnail","6":"product_cat-que-baratinho","8":"first","9":"instock","10":"downloadable","11":"shipping-taxable","12":"purchasable","13":"product-type-simple"},"jetpack_sharing_enabled":true,"_links":{"self":[{"href":"https:\/\/ocantinhodepapel.com\/index.php\/wp-json\/wp\/v2\/product\/1594","targetHints":{"allow":["GET"]}}],"collection":[{"href":"https:\/\/ocantinhodepapel.com\/index.php\/wp-json\/wp\/v2\/product"}],"about":[{"href":"https:\/\/ocantinhodepapel.com\/index.php\/wp-json\/wp\/v2\/types\/product"}],"replies":[{"embeddable":true,"href":"https:\/\/ocantinhodepapel.com\/index.php\/wp-json\/wp\/v2\/comments?post=1594"}],"wp:featuredmedia":[{"embeddable":true,"href":"https:\/\/ocantinhodepapel.com\/index.php\/wp-json\/wp\/v2\/media\/1615"}],"wp:attachment":[{"href":"https:\/\/ocantinhodepapel.com\/index.php\/wp-json\/wp\/v2\/media?parent=1594"}],"wp:term":[{"taxonomy":"product_brand","embeddable":true,"href":"https:\/\/ocantinhodepapel.com\/index.php\/wp-json\/wp\/v2\/product_brand?post=1594"},{"taxonomy":"product_cat","embeddable":true,"href":"https:\/\/ocantinhodepapel.com\/index.php\/wp-json\/wp\/v2\/product_cat?post=1594"},{"taxonomy":"product_tag","embeddable":true,"href":"https:\/\/ocantinhodepapel.com\/index.php\/wp-json\/wp\/v2\/product_tag?post=1594"}],"curies":[{"name":"wp","href":"https:\/\/api.w.org\/{rel}","templated":true}]}}