{"id":1566,"date":"2025-05-03T14:55:42","date_gmt":"2025-05-03T17:55:42","guid":{"rendered":"https:\/\/ocantinhodepapel.com\/?post_type=product&#038;p=1566"},"modified":"2025-12-01T01:43:10","modified_gmt":"2025-12-01T04:43:10","slug":"kit-cartoes-dia-das-maes","status":"publish","type":"product","link":"https:\/\/ocantinhodepapel.com\/index.php\/produto\/kit-cartoes-dia-das-maes\/","title":{"rendered":"Kit Cart\u00f5es &#8211; Dia das M\u00e3es"},"content":{"rendered":"<p>Kit Cart\u00f5es Dia das M\u00e3es para Educa\u00e7\u00e3o Infantil e s\u00e9ries iniciais do Ensino Fundamental.<\/p>\n<p>O arquivo vai em PDF com imagens em alta qualidade, pronto para impress\u00e3o.<\/p>\n<p>Todos os cart\u00f5es v\u00e3o na op\u00e7\u00e3o colorida e para colorir, e v\u00e3o na op\u00e7\u00e3o \u201cPara Mam\u00e3e\u201d e \u201cPara quem cuida de mim\u201d.<\/p>\n<p>Modelos inclusos no Kit:<\/p>\n<ul>\n<li>Carta cora\u00e7\u00e3o, op\u00e7\u00e3o com e sem linhas<\/li>\n<li>Carta pergaminho, op\u00e7\u00e3o com e sem linha<\/li>\n<li>Cart\u00e3o cora\u00e7\u00e3o 3D, op\u00e7\u00e3o com ousem mensagem<\/li>\n<li>Carta envelope cora\u00e7\u00e3o<\/li>\n<li>Carta livrinho cora\u00e7\u00e3o<\/li>\n<\/ul>\n","protected":false},"excerpt":{"rendered":"<p>Kit Cart\u00f5es Dia das M\u00e3es para Educa\u00e7\u00e3o Infantil e s\u00e9ries iniciais do Ensino Fundamental. O arquivo vai em PDF com imagens em alta qualidade, pronto para impress\u00e3o. Todos os cart\u00f5es v\u00e3o na op\u00e7\u00e3o colorida e para colorir, e v\u00e3o na op\u00e7\u00e3o \u201cPara Mam\u00e3e\u201d e \u201cPara quem cuida de mim\u201d. Modelos inclusos no Kit: Carta cora\u00e7\u00e3o, [&hellip;]<\/p>\n","protected":false},"featured_media":1568,"comment_status":"open","ping_status":"closed","template":"","meta":[],"product_brand":[],"product_cat":[26],"product_tag":[],"class_list":{"0":"post-1566","1":"product","2":"type-product","3":"status-publish","4":"has-post-thumbnail","6":"product_cat-datas-comemorativas","8":"first","9":"instock","10":"downloadable","11":"shipping-taxable","12":"purchasable","13":"product-type-simple"},"jetpack_sharing_enabled":true,"_links":{"self":[{"href":"https:\/\/ocantinhodepapel.com\/index.php\/wp-json\/wp\/v2\/product\/1566","targetHints":{"allow":["GET"]}}],"collection":[{"href":"https:\/\/ocantinhodepapel.com\/index.php\/wp-json\/wp\/v2\/product"}],"about":[{"href":"https:\/\/ocantinhodepapel.com\/index.php\/wp-json\/wp\/v2\/types\/product"}],"replies":[{"embeddable":true,"href":"https:\/\/ocantinhodepapel.com\/index.php\/wp-json\/wp\/v2\/comments?post=1566"}],"wp:featuredmedia":[{"embeddable":true,"href":"https:\/\/ocantinhodepapel.com\/index.php\/wp-json\/wp\/v2\/media\/1568"}],"wp:attachment":[{"href":"https:\/\/ocantinhodepapel.com\/index.php\/wp-json\/wp\/v2\/media?parent=1566"}],"wp:term":[{"taxonomy":"product_brand","embeddable":true,"href":"https:\/\/ocantinhodepapel.com\/index.php\/wp-json\/wp\/v2\/product_brand?post=1566"},{"taxonomy":"product_cat","embeddable":true,"href":"https:\/\/ocantinhodepapel.com\/index.php\/wp-json\/wp\/v2\/product_cat?post=1566"},{"taxonomy":"product_tag","embeddable":true,"href":"https:\/\/ocantinhodepapel.com\/index.php\/wp-json\/wp\/v2\/product_tag?post=1566"}],"curies":[{"name":"wp","href":"https:\/\/api.w.org\/{rel}","templated":true}]}}