{"id":1532,"date":"2025-04-30T00:36:42","date_gmt":"2025-04-30T03:36:42","guid":{"rendered":"https:\/\/ocantinhodepapel.com\/?post_type=product&#038;p=1532"},"modified":"2025-12-01T01:43:12","modified_gmt":"2025-12-01T04:43:12","slug":"kit-maio-laranja","status":"publish","type":"product","link":"https:\/\/ocantinhodepapel.com\/index.php\/produto\/kit-maio-laranja\/","title":{"rendered":"Kit Maio Laranja"},"content":{"rendered":"<p>Kit para trabalhar o tema Maio Laranja com as crian\u00e7as da educa\u00e7\u00e3o infantil. O arquivo vai em PDF pronto para impress\u00e3o, e inclui os seguintes itens:<\/p>\n<ul>\n<li>Lapbook sem\u00e1foro do Toque<\/li>\n<li>Flor para colorir para palitoche<\/li>\n<li>Placa frase \u201cFa\u00e7a bonito! Denuncie!\u201d<\/li>\n<li>Placa frase \u201cDisque 100\u201d<\/li>\n<li>Placa frase \u201cProteja nossas crian\u00e7as e adolescentes\u201d<\/li>\n<li>Luva menino e menina<\/li>\n<li>Bolinhas para indicar as partes do corpo que podem ou n\u00e3o ser tocadas<\/li>\n<\/ul>\n","protected":false},"excerpt":{"rendered":"<p>Kit para trabalhar o tema Maio Laranja com as crian\u00e7as da educa\u00e7\u00e3o infantil. O arquivo vai em PDF pronto para impress\u00e3o, e inclui os seguintes itens: Lapbook sem\u00e1foro do Toque Flor para colorir para palitoche Placa frase \u201cFa\u00e7a bonito! Denuncie!\u201d Placa frase \u201cDisque 100\u201d Placa frase \u201cProteja nossas crian\u00e7as e adolescentes\u201d Luva menino e menina [&hellip;]<\/p>\n","protected":false},"featured_media":1534,"comment_status":"open","ping_status":"closed","template":"","meta":[],"product_brand":[],"product_cat":[26],"product_tag":[],"class_list":{"0":"post-1532","1":"product","2":"type-product","3":"status-publish","4":"has-post-thumbnail","6":"product_cat-datas-comemorativas","8":"first","9":"instock","10":"downloadable","11":"shipping-taxable","12":"purchasable","13":"product-type-simple"},"jetpack_sharing_enabled":true,"_links":{"self":[{"href":"https:\/\/ocantinhodepapel.com\/index.php\/wp-json\/wp\/v2\/product\/1532","targetHints":{"allow":["GET"]}}],"collection":[{"href":"https:\/\/ocantinhodepapel.com\/index.php\/wp-json\/wp\/v2\/product"}],"about":[{"href":"https:\/\/ocantinhodepapel.com\/index.php\/wp-json\/wp\/v2\/types\/product"}],"replies":[{"embeddable":true,"href":"https:\/\/ocantinhodepapel.com\/index.php\/wp-json\/wp\/v2\/comments?post=1532"}],"wp:featuredmedia":[{"embeddable":true,"href":"https:\/\/ocantinhodepapel.com\/index.php\/wp-json\/wp\/v2\/media\/1534"}],"wp:attachment":[{"href":"https:\/\/ocantinhodepapel.com\/index.php\/wp-json\/wp\/v2\/media?parent=1532"}],"wp:term":[{"taxonomy":"product_brand","embeddable":true,"href":"https:\/\/ocantinhodepapel.com\/index.php\/wp-json\/wp\/v2\/product_brand?post=1532"},{"taxonomy":"product_cat","embeddable":true,"href":"https:\/\/ocantinhodepapel.com\/index.php\/wp-json\/wp\/v2\/product_cat?post=1532"},{"taxonomy":"product_tag","embeddable":true,"href":"https:\/\/ocantinhodepapel.com\/index.php\/wp-json\/wp\/v2\/product_tag?post=1532"}],"curies":[{"name":"wp","href":"https:\/\/api.w.org\/{rel}","templated":true}]}}