{"id":1375,"date":"2025-04-21T11:00:18","date_gmt":"2025-04-21T14:00:18","guid":{"rendered":"https:\/\/ocantinhodepapel.com\/?post_type=product&#038;p=1375"},"modified":"2026-02-02T17:08:22","modified_gmt":"2026-02-02T20:08:22","slug":"apostila-de-atividades-a-casa-sonolentasequencia-de-atividades-pedagogicas-inspiradas-no-livro-a-casa-sonolenta-de-audrey-wood-voltadas-para-a-educacao-infantil-e-os-anos-iniciais-do-ensino-fundam","status":"publish","type":"product","link":"https:\/\/ocantinhodepapel.com\/index.php\/produto\/apostila-de-atividades-a-casa-sonolentasequencia-de-atividades-pedagogicas-inspiradas-no-livro-a-casa-sonolenta-de-audrey-wood-voltadas-para-a-educacao-infantil-e-os-anos-iniciais-do-ensino-fundam\/","title":{"rendered":"Apostila de atividades &#8211; A Casa Sonolenta"},"content":{"rendered":"<p class=\"\" data-start=\"283\" data-end=\"480\">Sequ\u00eancia de atividades pedag\u00f3gicas inspiradas no livro <em data-start=\"369\" data-end=\"387\">A Casa Sonolenta<\/em>, de Audrey Wood, voltadas para a Educa\u00e7\u00e3o Infantil e os anos iniciais do Ensino Fundamental.<\/p>\n<p class=\"\" data-start=\"482\" data-end=\"675\">As atividades exploram conte\u00fados de <strong data-start=\"518\" data-end=\"552\">L\u00edngua Portuguesa e Matem\u00e1tica<\/strong> por meio de propostas interativas, visuais e contextualizadas com os personagens e elementos da hist\u00f3ria. Dentre as atividades, voc\u00ea encontrar\u00e1:<\/p>\n<ul data-start=\"677\" data-end=\"1128\">\n<li class=\"\" data-start=\"677\" data-end=\"791\">\n<p class=\"\" data-start=\"679\" data-end=\"791\"><strong data-start=\"679\" data-end=\"699\">Contar elementos<\/strong> e relacionar com numerais, estimulando a no\u00e7\u00e3o de quantidade e o reconhecimento de n\u00fameros;<\/p>\n<\/li>\n<li class=\"\" data-start=\"792\" data-end=\"880\">\n<p class=\"\" data-start=\"794\" data-end=\"880\"><strong data-start=\"794\" data-end=\"824\">Resolver problemas simples<\/strong> de adi\u00e7\u00e3o com base em uma tabela de valores simb\u00f3licos;<\/p>\n<\/li>\n<li class=\"\" data-start=\"881\" data-end=\"1010\">\n<p class=\"\" data-start=\"883\" data-end=\"1010\"><strong data-start=\"883\" data-end=\"914\">Identificar letras iniciais<\/strong> de palavras associadas a imagens, desenvolvendo a consci\u00eancia fonol\u00f3gica e a rela\u00e7\u00e3o som-letra;<\/p>\n<\/li>\n<li class=\"\" data-start=\"1011\" data-end=\"1128\">\n<p class=\"\" data-start=\"1013\" data-end=\"1128\"><strong data-start=\"1013\" data-end=\"1046\">Pintar letras correspondentes<\/strong>, fortalecendo o reconhecimento do alfabeto e a associa\u00e7\u00e3o entre imagem e grafema.<\/p>\n<\/li>\n<\/ul>\n<p class=\"\" data-start=\"1130\" data-end=\"1307\">Essas atividades promovem o desenvolvimento da linguagem oral e escrita, do racioc\u00ednio l\u00f3gico-matem\u00e1tico e do gosto pela leitura, tudo isso de forma leve, criativa e envolvente.<\/p>\n<p class=\"\" data-start=\"1309\" data-end=\"1446\">\n","protected":false},"excerpt":{"rendered":"<p>Sequ\u00eancia de atividades pedag\u00f3gicas inspiradas no livro A Casa Sonolenta, de Audrey Wood, voltadas para a Educa\u00e7\u00e3o Infantil e os anos iniciais do Ensino Fundamental. As atividades exploram conte\u00fados de L\u00edngua Portuguesa e Matem\u00e1tica por meio de propostas interativas, visuais e contextualizadas com os personagens e elementos da hist\u00f3ria. Dentre as atividades, voc\u00ea encontrar\u00e1: Contar [&hellip;]<\/p>\n","protected":false},"featured_media":1377,"comment_status":"open","ping_status":"closed","template":"","meta":[],"product_brand":[],"product_cat":[25,34],"product_tag":[],"class_list":{"0":"post-1375","1":"product","2":"type-product","3":"status-publish","4":"has-post-thumbnail","6":"product_cat-atividades-sequenciadas","7":"product_cat-que-baratinho","9":"first","10":"instock","11":"downloadable","12":"shipping-taxable","13":"purchasable","14":"product-type-simple"},"jetpack_sharing_enabled":true,"_links":{"self":[{"href":"https:\/\/ocantinhodepapel.com\/index.php\/wp-json\/wp\/v2\/product\/1375","targetHints":{"allow":["GET"]}}],"collection":[{"href":"https:\/\/ocantinhodepapel.com\/index.php\/wp-json\/wp\/v2\/product"}],"about":[{"href":"https:\/\/ocantinhodepapel.com\/index.php\/wp-json\/wp\/v2\/types\/product"}],"replies":[{"embeddable":true,"href":"https:\/\/ocantinhodepapel.com\/index.php\/wp-json\/wp\/v2\/comments?post=1375"}],"wp:featuredmedia":[{"embeddable":true,"href":"https:\/\/ocantinhodepapel.com\/index.php\/wp-json\/wp\/v2\/media\/1377"}],"wp:attachment":[{"href":"https:\/\/ocantinhodepapel.com\/index.php\/wp-json\/wp\/v2\/media?parent=1375"}],"wp:term":[{"taxonomy":"product_brand","embeddable":true,"href":"https:\/\/ocantinhodepapel.com\/index.php\/wp-json\/wp\/v2\/product_brand?post=1375"},{"taxonomy":"product_cat","embeddable":true,"href":"https:\/\/ocantinhodepapel.com\/index.php\/wp-json\/wp\/v2\/product_cat?post=1375"},{"taxonomy":"product_tag","embeddable":true,"href":"https:\/\/ocantinhodepapel.com\/index.php\/wp-json\/wp\/v2\/product_tag?post=1375"}],"curies":[{"name":"wp","href":"https:\/\/api.w.org\/{rel}","templated":true}]}}