{"id":1342,"date":"2025-04-14T21:03:43","date_gmt":"2025-04-15T00:03:43","guid":{"rendered":"https:\/\/ocantinhodepapel.com\/?post_type=product&#038;p=1342"},"modified":"2025-12-01T01:44:10","modified_gmt":"2025-12-01T04:44:10","slug":"agora-e-a-sua-vez","status":"publish","type":"product","link":"https:\/\/ocantinhodepapel.com\/index.php\/produto\/agora-e-a-sua-vez\/","title":{"rendered":"Agora \u00e9 a sua vez!"},"content":{"rendered":"<p class=\"\" data-start=\"137\" data-end=\"301\">Uma atividade divertida que trabalha leitura, escrita, consci\u00eancia fonol\u00f3gica <em data-start=\"240\" data-end=\"243\">e<\/em> criatividade \u2013 tudo isso de um jeito leve e envolvente!<\/p>\n<p class=\"\" data-start=\"303\" data-end=\"468\">A crian\u00e7a escolhe uma imagem, escreve a palavra, separa em s\u00edlabas (simples ou complexas) e cria uma frase com ela. \u00c9 aprendizado com prop\u00f3sito e divers\u00e3o garantida!<\/p>\n<p data-start=\"303\" data-end=\"468\">Arquivo pronto em PDF<\/p>\n","protected":false},"excerpt":{"rendered":"<p>Uma atividade divertida que trabalha leitura, escrita, consci\u00eancia fonol\u00f3gica e criatividade \u2013 tudo isso de um jeito leve e envolvente! A crian\u00e7a escolhe uma imagem, escreve a palavra, separa em s\u00edlabas (simples ou complexas) e cria uma frase com ela. \u00c9 aprendizado com prop\u00f3sito e divers\u00e3o garantida! Arquivo pronto em PDF<\/p>\n","protected":false},"featured_media":1344,"comment_status":"open","ping_status":"closed","template":"","meta":[],"product_brand":[],"product_cat":[34],"product_tag":[],"class_list":{"0":"post-1342","1":"product","2":"type-product","3":"status-publish","4":"has-post-thumbnail","6":"product_cat-que-baratinho","8":"first","9":"instock","10":"downloadable","11":"shipping-taxable","12":"purchasable","13":"product-type-simple"},"jetpack_sharing_enabled":true,"_links":{"self":[{"href":"https:\/\/ocantinhodepapel.com\/index.php\/wp-json\/wp\/v2\/product\/1342","targetHints":{"allow":["GET"]}}],"collection":[{"href":"https:\/\/ocantinhodepapel.com\/index.php\/wp-json\/wp\/v2\/product"}],"about":[{"href":"https:\/\/ocantinhodepapel.com\/index.php\/wp-json\/wp\/v2\/types\/product"}],"replies":[{"embeddable":true,"href":"https:\/\/ocantinhodepapel.com\/index.php\/wp-json\/wp\/v2\/comments?post=1342"}],"wp:featuredmedia":[{"embeddable":true,"href":"https:\/\/ocantinhodepapel.com\/index.php\/wp-json\/wp\/v2\/media\/1344"}],"wp:attachment":[{"href":"https:\/\/ocantinhodepapel.com\/index.php\/wp-json\/wp\/v2\/media?parent=1342"}],"wp:term":[{"taxonomy":"product_brand","embeddable":true,"href":"https:\/\/ocantinhodepapel.com\/index.php\/wp-json\/wp\/v2\/product_brand?post=1342"},{"taxonomy":"product_cat","embeddable":true,"href":"https:\/\/ocantinhodepapel.com\/index.php\/wp-json\/wp\/v2\/product_cat?post=1342"},{"taxonomy":"product_tag","embeddable":true,"href":"https:\/\/ocantinhodepapel.com\/index.php\/wp-json\/wp\/v2\/product_tag?post=1342"}],"curies":[{"name":"wp","href":"https:\/\/api.w.org\/{rel}","templated":true}]}}