{"id":1182,"date":"2025-03-30T01:52:42","date_gmt":"2025-03-30T04:52:42","guid":{"rendered":"https:\/\/ocantinhodepapel.com\/?post_type=product&#038;p=1182"},"modified":"2025-12-01T01:44:18","modified_gmt":"2025-12-01T04:44:18","slug":"simbolo-da-pascoa","status":"publish","type":"product","link":"https:\/\/ocantinhodepapel.com\/index.php\/produto\/simbolo-da-pascoa\/","title":{"rendered":"S\u00edmbolo da P\u00e1scoa"},"content":{"rendered":"<p>O arquivo S\u00edmbolos da P\u00e1scoa inclui um livro para a apresenta\u00e7\u00e3o dos s\u00edmbolos da P\u00e1scoa para crian\u00e7as da Educa\u00e7\u00e3o Infantil, e tamb\u00e9m acompanha livrinho para entregar para as crian\u00e7as, na op\u00e7\u00e3o colorida e para colorir.<\/p>\n<p>O material vai em PDF pronto para impress\u00e3o e ao adquirir o arquivo voc\u00ea tamb\u00e9m recebe o v\u00eddeo tutorial de montagem.<\/p>\n<p>Objetivos dessa proposta:<\/p>\n<ul>\n<li>Aprendizado l\u00fadico e din\u00e2mico;<\/li>\n<li>Compreens\u00e3o do Significado da P\u00e1scoa;<\/li>\n<li>Est\u00edmulo \u00e0 Imagina\u00e7\u00e3o e Criatividade;<\/li>\n<li>Desenvolvimento da Linguagem e Vocabul\u00e1rio;<\/li>\n<li>Promo\u00e7\u00e3o de Valores e Tradi\u00e7\u00f5es;<\/li>\n<li>Fortalecimento dos V\u00ednculos Familiares.<\/li>\n<\/ul>\n","protected":false},"excerpt":{"rendered":"<p>O arquivo S\u00edmbolos da P\u00e1scoa inclui um livro para a apresenta\u00e7\u00e3o dos s\u00edmbolos da P\u00e1scoa para crian\u00e7as da Educa\u00e7\u00e3o Infantil, e tamb\u00e9m acompanha livrinho para entregar para as crian\u00e7as, na op\u00e7\u00e3o colorida e para colorir. O material vai em PDF pronto para impress\u00e3o e ao adquirir o arquivo voc\u00ea tamb\u00e9m recebe o v\u00eddeo tutorial de [&hellip;]<\/p>\n","protected":false},"featured_media":1184,"comment_status":"open","ping_status":"closed","template":"","meta":[],"product_brand":[],"product_cat":[26],"product_tag":[],"class_list":{"0":"post-1182","1":"product","2":"type-product","3":"status-publish","4":"has-post-thumbnail","6":"product_cat-datas-comemorativas","8":"first","9":"instock","10":"downloadable","11":"shipping-taxable","12":"purchasable","13":"product-type-simple"},"jetpack_sharing_enabled":true,"_links":{"self":[{"href":"https:\/\/ocantinhodepapel.com\/index.php\/wp-json\/wp\/v2\/product\/1182","targetHints":{"allow":["GET"]}}],"collection":[{"href":"https:\/\/ocantinhodepapel.com\/index.php\/wp-json\/wp\/v2\/product"}],"about":[{"href":"https:\/\/ocantinhodepapel.com\/index.php\/wp-json\/wp\/v2\/types\/product"}],"replies":[{"embeddable":true,"href":"https:\/\/ocantinhodepapel.com\/index.php\/wp-json\/wp\/v2\/comments?post=1182"}],"wp:featuredmedia":[{"embeddable":true,"href":"https:\/\/ocantinhodepapel.com\/index.php\/wp-json\/wp\/v2\/media\/1184"}],"wp:attachment":[{"href":"https:\/\/ocantinhodepapel.com\/index.php\/wp-json\/wp\/v2\/media?parent=1182"}],"wp:term":[{"taxonomy":"product_brand","embeddable":true,"href":"https:\/\/ocantinhodepapel.com\/index.php\/wp-json\/wp\/v2\/product_brand?post=1182"},{"taxonomy":"product_cat","embeddable":true,"href":"https:\/\/ocantinhodepapel.com\/index.php\/wp-json\/wp\/v2\/product_cat?post=1182"},{"taxonomy":"product_tag","embeddable":true,"href":"https:\/\/ocantinhodepapel.com\/index.php\/wp-json\/wp\/v2\/product_tag?post=1182"}],"curies":[{"name":"wp","href":"https:\/\/api.w.org\/{rel}","templated":true}]}}