{"id":1156,"date":"2025-03-30T01:00:16","date_gmt":"2025-03-30T04:00:16","guid":{"rendered":"https:\/\/ocantinhodepapel.com\/?post_type=product&#038;p=1156"},"modified":"2025-12-01T01:45:00","modified_gmt":"2025-12-01T04:45:00","slug":"painel-pascoa","status":"publish","type":"product","link":"https:\/\/ocantinhodepapel.com\/index.php\/produto\/painel-pascoa\/","title":{"rendered":"Painel P\u00e1scoa"},"content":{"rendered":"<p>Painel da P\u00e1scoa para trabalhar o tema com as crian\u00e7as da Educa\u00e7\u00e3o infantil. O painel j\u00e1 vai ampliado com imagens em alta qualidade. O arquivo tamb\u00e9m inclui coelhinhos para compor o painel, para a crian\u00e7a colorir, e eles podem ser personalizados com a foto da crian\u00e7a, ou ela pode desenhar o rosto do coelho. No arquivo vai o link de edi\u00e7\u00e3o das fotos e o v\u00eddeo tutorial de edi\u00e7\u00e3o.<\/p>\n<p>Medidas do painel montado: 1,3m de altura x 1,3m de largura. As medidas podem variar dependendo da organiza\u00e7\u00e3o dos elementos.<\/p>\n","protected":false},"excerpt":{"rendered":"<p>Painel da P\u00e1scoa para trabalhar o tema com as crian\u00e7as da Educa\u00e7\u00e3o infantil. O painel j\u00e1 vai ampliado com imagens em alta qualidade. O arquivo tamb\u00e9m inclui coelhinhos para compor o painel, para a crian\u00e7a colorir, e eles podem ser personalizados com a foto da crian\u00e7a, ou ela pode desenhar o rosto do coelho. No [&hellip;]<\/p>\n","protected":false},"featured_media":1159,"comment_status":"open","ping_status":"closed","template":"","meta":[],"product_brand":[],"product_cat":[26],"product_tag":[],"class_list":{"0":"post-1156","1":"product","2":"type-product","3":"status-publish","4":"has-post-thumbnail","6":"product_cat-datas-comemorativas","8":"first","9":"instock","10":"downloadable","11":"shipping-taxable","12":"purchasable","13":"product-type-simple"},"jetpack_sharing_enabled":true,"_links":{"self":[{"href":"https:\/\/ocantinhodepapel.com\/index.php\/wp-json\/wp\/v2\/product\/1156","targetHints":{"allow":["GET"]}}],"collection":[{"href":"https:\/\/ocantinhodepapel.com\/index.php\/wp-json\/wp\/v2\/product"}],"about":[{"href":"https:\/\/ocantinhodepapel.com\/index.php\/wp-json\/wp\/v2\/types\/product"}],"replies":[{"embeddable":true,"href":"https:\/\/ocantinhodepapel.com\/index.php\/wp-json\/wp\/v2\/comments?post=1156"}],"wp:featuredmedia":[{"embeddable":true,"href":"https:\/\/ocantinhodepapel.com\/index.php\/wp-json\/wp\/v2\/media\/1159"}],"wp:attachment":[{"href":"https:\/\/ocantinhodepapel.com\/index.php\/wp-json\/wp\/v2\/media?parent=1156"}],"wp:term":[{"taxonomy":"product_brand","embeddable":true,"href":"https:\/\/ocantinhodepapel.com\/index.php\/wp-json\/wp\/v2\/product_brand?post=1156"},{"taxonomy":"product_cat","embeddable":true,"href":"https:\/\/ocantinhodepapel.com\/index.php\/wp-json\/wp\/v2\/product_cat?post=1156"},{"taxonomy":"product_tag","embeddable":true,"href":"https:\/\/ocantinhodepapel.com\/index.php\/wp-json\/wp\/v2\/product_tag?post=1156"}],"curies":[{"name":"wp","href":"https:\/\/api.w.org\/{rel}","templated":true}]}}